{"id":670,"date":"2021-05-02T15:59:14","date_gmt":"2021-05-02T15:59:14","guid":{"rendered":"https:\/\/narchitektur.ch\/kontakt\/"},"modified":"2021-06-22T12:31:28","modified_gmt":"2021-06-22T12:31:28","slug":"kontakt","status":"publish","type":"page","link":"https:\/\/narchitektur.ch\/de\/kontakt\/","title":{"rendered":"Kontakt"},"content":{"rendered":"<style>#kt-layout-id_d17d96-88 > .kt-row-column-wrap{align-content:start;}:where(#kt-layout-id_d17d96-88 > .kt-row-column-wrap) > .wp-block-kadence-column{justify-content:start;}#kt-layout-id_d17d96-88 > .kt-row-column-wrap{column-gap:var(--global-kb-gap-lg, 4rem);row-gap:var(--global-kb-gap-md, 2rem);padding-top:var( --global-kb-row-default-top, 25px );padding-bottom:var( --global-kb-row-default-bottom, 25px );padding-top:var(--global-kb-spacing-sm, 1.5rem);padding-bottom:var(--global-kb-spacing-sm, 1.5rem);grid-template-columns:minmax(0, 2fr) minmax(0, 1fr);}#kt-layout-id_d17d96-88 > .kt-row-layout-overlay{opacity:0.30;}@media all and (max-width: 1024px){#kt-layout-id_d17d96-88 > .kt-row-column-wrap{grid-template-columns:repeat(2, minmax(0, 1fr));}}@media all and (max-width: 767px){#kt-layout-id_d17d96-88 > .kt-row-column-wrap{grid-template-columns:minmax(0, 1fr);}}<\/style>\n<div class=\"wp-block-kadence-rowlayout alignnone\"><div id=\"kt-layout-id_d17d96-88\" class=\"kt-row-layout-inner kt-layout-id_d17d96-88\"><div class=\"kt-row-column-wrap kt-has-2-columns kt-gutter-wider kt-v-gutter-default kt-row-valign-top kt-row-layout-left-golden kt-tab-layout-inherit kt-m-colapse-left-to-right kt-mobile-layout-row\"><style>.kadence-column_b76715-9e > .kt-inside-inner-col{border-top-width:0px;border-right-width:0px;border-bottom-width:0px;border-left-width:0px;}.kadence-column_b76715-9e > .kt-inside-inner-col,.kadence-column_b76715-9e > .kt-inside-inner-col:before{border-top-left-radius:0px;border-top-right-radius:0px;border-bottom-right-radius:0px;border-bottom-left-radius:0px;}.kadence-column_b76715-9e > .kt-inside-inner-col{column-gap:var(--global-kb-gap-sm, 1rem);}.kadence-column_b76715-9e > .kt-inside-inner-col{flex-direction:column;}.kadence-column_b76715-9e > .kt-inside-inner-col > .aligncenter{width:100%;}.kadence-column_b76715-9e > .kt-inside-inner-col:before{opacity:0.3;}.kadence-column_b76715-9e{position:relative;}@media all and (max-width: 1024px){.kadence-column_b76715-9e > .kt-inside-inner-col{flex-direction:column;}}@media all and (max-width: 767px){.kadence-column_b76715-9e > .kt-inside-inner-col{flex-direction:column;}}<\/style>\n<div class=\"wp-block-kadence-column inner-column-1 kadence-column_b76715-9e\"><div class=\"kt-inside-inner-col\">\n<p class=\"has-medium-font-size\"><strong>&#8220;Danke f\u00fcr Ihre Unterst\u00fctzung und daf\u00fcr, dass Sie diese architektonischen Entw\u00fcrfe mit mir in die Realit\u00e4t umsetzen.&#8221;<\/strong><\/p>\n\n\n\n<p class=\"has-medium-font-size\"><strong>&#8220;Es kommt eine Zeit, in der Sie erkennen, dass Sie die Wahl haben.  Du zu sein, radikale Verantwortung zu \u00fcbernehmen, auf dein Herz, deine Seele und deine Intuition zu h\u00f6ren, um die Welt unserer Tr\u00e4ume zu erschaffen. Die Vorteile der Natur mit der F\u00fclle der Architektur in unseren St\u00e4dten als Antwort auf den Klimawandel zu integrieren. F\u00fcr unsere Kinder und uns, denn wir alle d\u00fcrfen auch das Leben ihrer Tr\u00e4ume erschaffen.&#8221;<\/strong><\/p>\n\n\n\n<p>Nehmen Sie Kontakt mit mir auf, wenn Sie von einer <strong>tollen Idee der Zusammenarbeit<\/strong> inspiriert sind. Ich habe ein offenes Ohr f\u00fcr Sie.&#13;\n<\/p>\n\n\n\n<p>Wenn Sie Interesse haben f\u00fcr einen <strong>Vortrag vor Ihrem Publikum<\/strong> \u00fcber das Konzept von NARCHITEKTUR, nehmen sie bitte Kontakt mit mir auf.&#13;\n<\/p>\n\n\n\n<p>Mit Ihnen, Ihrer Instanz oder Ihrer Stadt, biete ich auch, irgendwo auf dieser Welt, eine <strong>konzeptionelle Phase der Gestaltung der NARCHITEKTUR<\/strong> an. F\u00fcr das Geb\u00e4ude Ihrer Tr\u00e4ume und deren Zweck verbinde ich mein Fachwissen und Interesse zu einer pers\u00f6nlichen NARCHITEKTUR-Antwort f\u00fcr Sie.<\/p>\n\n\n\n<p>Anschliessend <strong>initiiere ich Partnerschaften mit Architekturb\u00fcros<\/strong>, die dieses Konzept in die Realit\u00e4t umsetzen wollen, und nat\u00fcrlich facilitiere ich die Ausf\u00fchrung. Das ist meine Kompetenz.<\/p>\n\n\n\n<p><strong>Wie fantastisch ist es, wenn man sich vorstellt, dass in einer bestimmten Zeit der Entwurf des Sechsel\u00e4utenplatzes in die Realit\u00e4t umgesetzt wird?<\/strong><\/p>\n\n\n\n<p>Z\u00fcrich, lass uns gemeinsam ein Zeichen f\u00fcr die Welt setzen!<\/p>\n\n\n\n<h3 class=\"wp-block-heading\">Rufen Sie mich an: +41 78 944 77 30<\/h3>\n\n\n\n<h3 class=\"wp-block-heading\">Ich freue mich auf den Kontakt!<\/h3>\n\n\n\n<h3 class=\"wp-block-heading\">Schreiben Sie mir via Signal\/ mail@sigenagels.com\/ SMS\/ vereinbaren Sie einen Atelierbesuch.<\/h3>\n\n\n\n<h3 class=\"wp-block-heading\">Ciao!<\/h3>\n\n\n\n<div class=\"wp-block-kadence-form kadence-form-_d6aeea-bb kb-form-wrap\"><form class=\"kb-form\" action=\"\" method=\"post\"><div class=\"kadence-blocks-form-field kb-field-desk-width-100 kb-input-size-standard\"><label for=\"kb_field__d6aeea-bb_0\">Name<span class=\"required\">*<\/span><\/label><input name=\"kb_field_0\" id=\"kb_field__d6aeea-bb_0\" data-label=\"Name\" type=\"text\" placeholder=\"\" value=\"\" data-type=\"text\" class=\"kb-field kb-text-style-field kb-text-field kb-field-0\" data-required=\"yes\"\/><\/div><div class=\"kadence-blocks-form-field kb-form-field-1 kb-field-desk-width-100 kb-input-size-standard\"><label for=\"kb_field__d6aeea-bb_1\">Email<span class=\"required\">*<\/span><\/label><input name=\"kb_field_1\" id=\"kb_field__d6aeea-bb_1\" data-label=\"Email\" type=\"email\" placeholder=\"\" value=\"\" data-type=\"email\" class=\"kb-field kb-text-style-field kb-email-field kb-field-1\" data-required=\"yes\"\/><\/div><div class=\"kadence-blocks-form-field kb-form-field-2 kb-field-desk-width-100 kb-input-size-standard\"><label for=\"kb_field__d6aeea-bb_2\">Betreff<\/label><input name=\"kb_field_2\" id=\"kb_field__d6aeea-bb_2\" data-label=\"Betreff\" type=\"text\" placeholder=\"\" value=\"\" data-type=\"text\" class=\"kb-field kb-text-style-field kb-text-field kb-field-2\"\/><\/div><div class=\"kadence-blocks-form-field kb-form-field-3 kb-field-desk-width-100 kb-input-size-standard\"><label for=\"kb_field__d6aeea-bb_3\">Nachricht<span class=\"required\">*<\/span><\/label><textarea name=\"kb_field_3\" id=\"kb_field__d6aeea-bb_3\" data-label=\"Nachricht\" type=\"textarea\" placeholder=\"\" data-type=\"textarea\" class=\"kb-field kb-text-style-field kb-textarea-field kb-field-3\" rows=\"4\" data-required=\"yes\"><\/textarea><\/div><input type=\"hidden\" name=\"_kb_form_id\" value=\"_d6aeea-bb\"\/><input type=\"hidden\" name=\"_kb_form_post_id\" value=\"98\"\/><input type=\"hidden\" name=\"action\" value=\"kb_process_ajax_submit\"\/><input class=\"kadence-blocks-field verify\" type=\"text\" name=\"_kb_verify_email\" autocomplete=\"new-password\" aria-hidden=\"true\" placeholder=\"Email\" tabindex=\"-1\" data-1p-ignore=\"true\" data-lpignore=\"true\" \/><div class=\"kadence-blocks-form-field kb-submit-field kb-field-desk-width-100\"><button class=\"kb-forms-submit button kb-button-size-standard kb-button-width-auto\">Senden<\/button><\/div><\/form><\/div>\n<noscript><div class=\"kadence-blocks-form-message kadence-blocks-form-warning\">Bitte aktiviere JavaScript in deinem Browser, um dieses Formular fertigzustellen.<\/div><style>.kadence-form-_d6aeea-bb .kadence-blocks-form-field.kb-submit-field { display: none; }<\/style><\/noscript><\/div><\/div>\n\n\n<style>.kadence-column_75611e-04 > .kt-inside-inner-col{border-top-width:0px;border-right-width:0px;border-bottom-width:0px;border-left-width:0px;}.kadence-column_75611e-04 > .kt-inside-inner-col,.kadence-column_75611e-04 > .kt-inside-inner-col:before{border-top-left-radius:0px;border-top-right-radius:0px;border-bottom-right-radius:0px;border-bottom-left-radius:0px;}.kadence-column_75611e-04 > .kt-inside-inner-col{column-gap:var(--global-kb-gap-sm, 1rem);}.kadence-column_75611e-04 > .kt-inside-inner-col{flex-direction:column;}.kadence-column_75611e-04 > .kt-inside-inner-col > .aligncenter{width:100%;}.kadence-column_75611e-04 > .kt-inside-inner-col:before{opacity:0.3;}.kadence-column_75611e-04{position:relative;}@media all and (max-width: 1024px){.kadence-column_75611e-04 > .kt-inside-inner-col{flex-direction:column;}}@media all and (max-width: 767px){.kadence-column_75611e-04 > .kt-inside-inner-col{flex-direction:column;}}<\/style>\n<div class=\"wp-block-kadence-column inner-column-2 kadence-column_75611e-04\"><div class=\"kt-inside-inner-col\">\n<figure class=\"wp-block-image size-large\"><img loading=\"lazy\" decoding=\"async\" width=\"683\" height=\"1024\" src=\"https:\/\/narchitektur.ch\/wp-content\/uploads\/2021\/03\/Mantek_Nagels_Sige_19-06-04_0109-683x1024.jpg\" alt=\"\" class=\"wp-image-224\" srcset=\"https:\/\/narchitektur.ch\/wp-content\/uploads\/2021\/03\/Mantek_Nagels_Sige_19-06-04_0109-683x1024.jpg 683w, https:\/\/narchitektur.ch\/wp-content\/uploads\/2021\/03\/Mantek_Nagels_Sige_19-06-04_0109-200x300.jpg 200w, https:\/\/narchitektur.ch\/wp-content\/uploads\/2021\/03\/Mantek_Nagels_Sige_19-06-04_0109-768x1152.jpg 768w, https:\/\/narchitektur.ch\/wp-content\/uploads\/2021\/03\/Mantek_Nagels_Sige_19-06-04_0109-1024x1536.jpg 1024w, https:\/\/narchitektur.ch\/wp-content\/uploads\/2021\/03\/Mantek_Nagels_Sige_19-06-04_0109-1365x2048.jpg 1365w, https:\/\/narchitektur.ch\/wp-content\/uploads\/2021\/03\/Mantek_Nagels_Sige_19-06-04_0109.jpg 1417w\" sizes=\"(max-width: 683px) 100vw, 683px\" \/><\/figure><\/div><\/div>\n<\/div><\/div><\/div>\n<style>#kt-layout-id_17558d-31 > .kt-row-column-wrap{align-content:start;}:where(#kt-layout-id_17558d-31 > .kt-row-column-wrap) > .wp-block-kadence-column{justify-content:start;}#kt-layout-id_17558d-31 > .kt-row-column-wrap{column-gap:var(--global-kb-gap-md, 2rem);row-gap:var(--global-kb-gap-md, 2rem);padding-top:var( --global-kb-row-default-top, 25px );padding-bottom:var( --global-kb-row-default-bottom, 25px );padding-top:var(--global-kb-spacing-sm, 1.5rem);padding-bottom:var(--global-kb-spacing-sm, 1.5rem);grid-template-columns:repeat(3, minmax(0, 1fr));}#kt-layout-id_17558d-31 > .kt-row-layout-overlay{opacity:0.30;}@media all and (max-width: 1024px){#kt-layout-id_17558d-31 > .kt-row-column-wrap{grid-template-columns:repeat(3, minmax(0, 1fr));}}@media all and (max-width: 767px){#kt-layout-id_17558d-31 > .kt-row-column-wrap{grid-template-columns:minmax(0, 1fr);}}<\/style>\n<div class=\"wp-block-kadence-rowlayout alignnone\"><div id=\"kt-layout-id_17558d-31\" class=\"kt-row-layout-inner kt-layout-id_17558d-31\"><div class=\"kt-row-column-wrap kt-has-3-columns kt-gutter-default kt-v-gutter-default kt-row-valign-top kt-row-layout-equal kt-tab-layout-inherit kt-m-colapse-left-to-right kt-mobile-layout-row\"><style>.kadence-column_593cf8-02 > .kt-inside-inner-col{border-top-width:0px;border-right-width:0px;border-bottom-width:0px;border-left-width:0px;}.kadence-column_593cf8-02 > .kt-inside-inner-col,.kadence-column_593cf8-02 > .kt-inside-inner-col:before{border-top-left-radius:0px;border-top-right-radius:0px;border-bottom-right-radius:0px;border-bottom-left-radius:0px;}.kadence-column_593cf8-02 > .kt-inside-inner-col{column-gap:var(--global-kb-gap-sm, 1rem);}.kadence-column_593cf8-02 > .kt-inside-inner-col{flex-direction:column;}.kadence-column_593cf8-02 > .kt-inside-inner-col > .aligncenter{width:100%;}.kadence-column_593cf8-02 > .kt-inside-inner-col:before{opacity:0.3;}.kadence-column_593cf8-02{position:relative;}@media all and (max-width: 1024px){.kadence-column_593cf8-02 > .kt-inside-inner-col{flex-direction:column;}}@media all and (max-width: 767px){.kadence-column_593cf8-02 > .kt-inside-inner-col{flex-direction:column;}}<\/style>\n<div class=\"wp-block-kadence-column inner-column-1 kadence-column_593cf8-02\"><div class=\"kt-inside-inner-col\">\n<figure class=\"wp-block-image size-large\"><img loading=\"lazy\" decoding=\"async\" width=\"1024\" height=\"768\" src=\"https:\/\/narchitektur.ch\/wp-content\/uploads\/2021\/06\/IMG_20200507_054800-2-1024x768.jpg\" alt=\"\" class=\"wp-image-1235\" srcset=\"https:\/\/narchitektur.ch\/wp-content\/uploads\/2021\/06\/IMG_20200507_054800-2-1024x768.jpg 1024w, https:\/\/narchitektur.ch\/wp-content\/uploads\/2021\/06\/IMG_20200507_054800-2-300x225.jpg 300w, https:\/\/narchitektur.ch\/wp-content\/uploads\/2021\/06\/IMG_20200507_054800-2-768x576.jpg 768w, https:\/\/narchitektur.ch\/wp-content\/uploads\/2021\/06\/IMG_20200507_054800-2-1536x1152.jpg 1536w, https:\/\/narchitektur.ch\/wp-content\/uploads\/2021\/06\/IMG_20200507_054800-2-2048x1536.jpg 2048w\" sizes=\"(max-width: 1024px) 100vw, 1024px\" \/><figcaption>Eager! And, where do I start with this? May 2020<\/figcaption><\/figure>\n\n\n<figure class=\"wp-block-image size-large\"><img loading=\"lazy\" decoding=\"async\" width=\"1024\" height=\"768\" src=\"https:\/\/narchitektur.ch\/wp-content\/uploads\/2021\/06\/IMG_20200507_075137-1024x768.jpg\" alt=\"\" class=\"wp-image-1231\" srcset=\"https:\/\/narchitektur.ch\/wp-content\/uploads\/2021\/06\/IMG_20200507_075137-1024x768.jpg 1024w, https:\/\/narchitektur.ch\/wp-content\/uploads\/2021\/06\/IMG_20200507_075137-300x225.jpg 300w, https:\/\/narchitektur.ch\/wp-content\/uploads\/2021\/06\/IMG_20200507_075137-768x576.jpg 768w, https:\/\/narchitektur.ch\/wp-content\/uploads\/2021\/06\/IMG_20200507_075137-1536x1152.jpg 1536w, https:\/\/narchitektur.ch\/wp-content\/uploads\/2021\/06\/IMG_20200507_075137-2048x1536.jpg 2048w\" sizes=\"(max-width: 1024px) 100vw, 1024px\" \/><figcaption>We don&#8217;t need a perfect sketch, right?! S. Nagels<\/figcaption><\/figure><\/div><\/div>\n\n\n<style>.kadence-column_02f14f-22 > .kt-inside-inner-col{border-top-width:0px;border-right-width:0px;border-bottom-width:0px;border-left-width:0px;}.kadence-column_02f14f-22 > .kt-inside-inner-col,.kadence-column_02f14f-22 > .kt-inside-inner-col:before{border-top-left-radius:0px;border-top-right-radius:0px;border-bottom-right-radius:0px;border-bottom-left-radius:0px;}.kadence-column_02f14f-22 > .kt-inside-inner-col{column-gap:var(--global-kb-gap-sm, 1rem);}.kadence-column_02f14f-22 > .kt-inside-inner-col{flex-direction:column;}.kadence-column_02f14f-22 > .kt-inside-inner-col > .aligncenter{width:100%;}.kadence-column_02f14f-22 > .kt-inside-inner-col:before{opacity:0.3;}.kadence-column_02f14f-22{position:relative;}@media all and (max-width: 1024px){.kadence-column_02f14f-22 > .kt-inside-inner-col{flex-direction:column;}}@media all and (max-width: 767px){.kadence-column_02f14f-22 > .kt-inside-inner-col{flex-direction:column;}}<\/style>\n<div class=\"wp-block-kadence-column inner-column-2 kadence-column_02f14f-22\"><div class=\"kt-inside-inner-col\">\n<figure class=\"wp-block-image size-large\"><img loading=\"lazy\" decoding=\"async\" width=\"1024\" height=\"768\" src=\"https:\/\/narchitektur.ch\/wp-content\/uploads\/2021\/06\/PXL_20201122_151042301-1-1024x768.jpg\" alt=\"\" class=\"wp-image-1254\" srcset=\"https:\/\/narchitektur.ch\/wp-content\/uploads\/2021\/06\/PXL_20201122_151042301-1-1024x768.jpg 1024w, https:\/\/narchitektur.ch\/wp-content\/uploads\/2021\/06\/PXL_20201122_151042301-1-300x225.jpg 300w, https:\/\/narchitektur.ch\/wp-content\/uploads\/2021\/06\/PXL_20201122_151042301-1-768x576.jpg 768w, https:\/\/narchitektur.ch\/wp-content\/uploads\/2021\/06\/PXL_20201122_151042301-1-1536x1152.jpg 1536w, https:\/\/narchitektur.ch\/wp-content\/uploads\/2021\/06\/PXL_20201122_151042301-1-2048x1536.jpg 2048w\" sizes=\"(max-width: 1024px) 100vw, 1024px\" \/><figcaption>Exhibition Hotel Sedartis, Thalwil,  Nov. 2020<\/figcaption><\/figure>\n\n\n<figure class=\"wp-block-image size-large\"><img decoding=\"async\" src=\"https:\/\/narchitektur.ch\/wp-content\/uploads\/2021\/06\/CUT_Edges_Website_SIge201021_Narchitecture_Sechsela&#x308;uteplatz_ganz_ohne-Dach-kopie-1024x683.jpg\" alt=\"\" class=\"wp-image-1664\"\/><figcaption>Narchitektur Z\u00fcrich Sechsel\u00e4utenplatz Sige Nagels<\/figcaption><\/figure>\n\n\n<p><\/p>\n\n\n<style>.wp-block-kadence-spacer.kt-block-spacer-_fb8329-43 .kt-block-spacer{height:60px;}.wp-block-kadence-spacer.kt-block-spacer-_fb8329-43 .kt-divider{border-top-width:1px;height:1px;border-top-color:#eee;width:80%;border-top-style:solid;}<\/style>\n<div class=\"wp-block-kadence-spacer aligncenter kt-block-spacer-_fb8329-43\"><div class=\"kt-block-spacer kt-block-spacer-halign-center\" style=\"height:60px\"><hr class=\"kt-divider\" style=\"border-top-color:#eee;border-top-width:1px;width:80%;border-top-style:solid\"\/><\/div><\/div>\n\n\n\n<p><\/p>\n<\/div><\/div>\n\n\n<style>.kadence-column_b72a9c-47 > .kt-inside-inner-col{border-top-width:0px;border-right-width:0px;border-bottom-width:0px;border-left-width:0px;}.kadence-column_b72a9c-47 > .kt-inside-inner-col,.kadence-column_b72a9c-47 > .kt-inside-inner-col:before{border-top-left-radius:0px;border-top-right-radius:0px;border-bottom-right-radius:0px;border-bottom-left-radius:0px;}.kadence-column_b72a9c-47 > .kt-inside-inner-col{column-gap:var(--global-kb-gap-sm, 1rem);}.kadence-column_b72a9c-47 > .kt-inside-inner-col{flex-direction:column;}.kadence-column_b72a9c-47 > .kt-inside-inner-col > .aligncenter{width:100%;}.kadence-column_b72a9c-47 > .kt-inside-inner-col:before{opacity:0.3;}.kadence-column_b72a9c-47{position:relative;}@media all and (max-width: 1024px){.kadence-column_b72a9c-47 > .kt-inside-inner-col{flex-direction:column;}}@media all and (max-width: 767px){.kadence-column_b72a9c-47 > .kt-inside-inner-col{flex-direction:column;}}<\/style>\n<div class=\"wp-block-kadence-column inner-column-3 kadence-column_b72a9c-47\"><div class=\"kt-inside-inner-col\">\n<figure class=\"wp-block-image size-large\"><img loading=\"lazy\" decoding=\"async\" width=\"1024\" height=\"768\" src=\"https:\/\/narchitektur.ch\/wp-content\/uploads\/2021\/06\/PXL_20210616_162023418_2-1-1024x768.jpg\" alt=\"\" class=\"wp-image-1245\" srcset=\"https:\/\/narchitektur.ch\/wp-content\/uploads\/2021\/06\/PXL_20210616_162023418_2-1-1024x768.jpg 1024w, https:\/\/narchitektur.ch\/wp-content\/uploads\/2021\/06\/PXL_20210616_162023418_2-1-300x225.jpg 300w, https:\/\/narchitektur.ch\/wp-content\/uploads\/2021\/06\/PXL_20210616_162023418_2-1-768x576.jpg 768w, https:\/\/narchitektur.ch\/wp-content\/uploads\/2021\/06\/PXL_20210616_162023418_2-1-1536x1152.jpg 1536w, https:\/\/narchitektur.ch\/wp-content\/uploads\/2021\/06\/PXL_20210616_162023418_2-1-2048x1536.jpg 2048w\" sizes=\"(max-width: 1024px) 100vw, 1024px\" \/><figcaption>Limited Edition Print Escher-Wyss-Platz, S. Nagels<\/figcaption><\/figure>\n\n\n<figure class=\"wp-block-image size-large\"><img loading=\"lazy\" decoding=\"async\" width=\"1024\" height=\"768\" src=\"https:\/\/narchitektur.ch\/wp-content\/uploads\/2021\/06\/IMG_20200906_071151-1024x768.jpg\" alt=\"\" class=\"wp-image-1243\" srcset=\"https:\/\/narchitektur.ch\/wp-content\/uploads\/2021\/06\/IMG_20200906_071151-1024x768.jpg 1024w, https:\/\/narchitektur.ch\/wp-content\/uploads\/2021\/06\/IMG_20200906_071151-300x225.jpg 300w, https:\/\/narchitektur.ch\/wp-content\/uploads\/2021\/06\/IMG_20200906_071151-768x576.jpg 768w, https:\/\/narchitektur.ch\/wp-content\/uploads\/2021\/06\/IMG_20200906_071151-1536x1152.jpg 1536w, https:\/\/narchitektur.ch\/wp-content\/uploads\/2021\/06\/IMG_20200906_071151-2048x1536.jpg 2048w\" sizes=\"(max-width: 1024px) 100vw, 1024px\" \/><figcaption>One step at a time will get you anywhere! Believe!<\/figcaption><\/figure>\n\n\n<p><\/p>\n<\/div><\/div>\n<\/div><\/div><\/div>\n<style>.wp-block-kadence-spacer.kt-block-spacer-_d655ac-6f .kt-block-spacer{height:60px;}.wp-block-kadence-spacer.kt-block-spacer-_d655ac-6f .kt-divider{border-top-width:1px;height:1px;border-top-color:#eee;width:80%;border-top-style:solid;}<\/style>\n<div class=\"wp-block-kadence-spacer aligncenter kt-block-spacer-_d655ac-6f\"><div class=\"kt-block-spacer kt-block-spacer-halign-center\" style=\"height:60px\"><hr class=\"kt-divider\" style=\"border-top-color:#eee;border-top-width:1px;width:80%;border-top-style:solid\"\/><\/div><\/div>\n","protected":false},"excerpt":{"rendered":"<p>&#8220;Danke f\u00fcr Ihre Unterst\u00fctzung und daf\u00fcr, dass Sie diese architektonischen Entw\u00fcrfe mit mir in die Realit\u00e4t umsetzen.&#8221; &#8220;Es kommt eine Zeit, in der Sie erkennen, dass Sie die Wahl haben. Du zu sein, radikale Verantwortung zu \u00fcbernehmen, auf dein Herz, deine Seele und deine Intuition zu h\u00f6ren, um die Welt unserer Tr\u00e4ume zu erschaffen. Die&#8230;<\/p>\n","protected":false},"author":1,"featured_media":0,"parent":0,"menu_order":0,"comment_status":"closed","ping_status":"closed","template":"","meta":{"_kad_blocks_custom_css":"","_kad_blocks_head_custom_js":"","_kad_blocks_body_custom_js":"","_kad_blocks_footer_custom_js":"","_kad_post_transparent":"","_kad_post_title":"","_kad_post_layout":"","_kad_post_sidebar_id":"","_kad_post_content_style":"","_kad_post_vertical_padding":"","_kad_post_feature":"","_kad_post_feature_position":"","_kad_post_header":false,"_kad_post_footer":false,"footnotes":""},"class_list":["post-670","page","type-page","status-publish","hentry"],"taxonomy_info":[],"featured_image_src_large":false,"author_info":{"display_name":"evelynevanraes","author_link":"https:\/\/narchitektur.ch\/de\/author\/evelynevanraes\/"},"comment_info":0,"_links":{"self":[{"href":"https:\/\/narchitektur.ch\/de\/wp-json\/wp\/v2\/pages\/670"}],"collection":[{"href":"https:\/\/narchitektur.ch\/de\/wp-json\/wp\/v2\/pages"}],"about":[{"href":"https:\/\/narchitektur.ch\/de\/wp-json\/wp\/v2\/types\/page"}],"author":[{"embeddable":true,"href":"https:\/\/narchitektur.ch\/de\/wp-json\/wp\/v2\/users\/1"}],"replies":[{"embeddable":true,"href":"https:\/\/narchitektur.ch\/de\/wp-json\/wp\/v2\/comments?post=670"}],"version-history":[{"count":0,"href":"https:\/\/narchitektur.ch\/de\/wp-json\/wp\/v2\/pages\/670\/revisions"}],"wp:attachment":[{"href":"https:\/\/narchitektur.ch\/de\/wp-json\/wp\/v2\/media?parent=670"}],"curies":[{"name":"wp","href":"https:\/\/api.w.org\/{rel}","templated":true}]}}