{"id":606,"date":"2021-05-02T09:51:18","date_gmt":"2021-05-02T09:51:18","guid":{"rendered":"https:\/\/narchitektur.ch\/home\/"},"modified":"2021-06-20T14:36:01","modified_gmt":"2021-06-20T14:36:01","slug":"home","status":"publish","type":"page","link":"https:\/\/narchitektur.ch\/de\/","title":{"rendered":"Home"},"content":{"rendered":"\n<p>Wenn Natur &amp; Architektur zu einer gewebten Struktur verbunden und dann in die bestehende Infrastruktur der heutigen Stadt integriert werden, haben die Stadt und ihre Bewohner eine unmittelbare Antwort auf den Klimawandel.\n<\/p>\n\n\n\n<p>Begleiten Sie Sige auf einem Spaziergang durch Z\u00fcrich, wo sie Sie in die nahe Zukunft entf\u00fchrt, wo ihr Architekten- und K\u00fcnstlerentwurf Antworten gibt und den Klimawandel thematisiert.<\/p>\n\n\n\n<p>So wie die Natur Z\u00fcrich tr\u00e4gt, tr\u00e4gt diese Installation 3D-Kompositionen aus Architektur &amp; Natur von neun Orten im Herzen der Stadt. Kombiniert mit Malerei &amp; Kollagen \u00f6ffnet diese Erfahrung T\u00fcren in Ihrem Kopf.<\/p>\n\n\n\t\t\t<div class=\"kt-gal-outer kt-gal-outer-basic\">\n\t\t\t<div class=\"kt-galleries-loading kt-loadeding\">\n\t\t\t\t\t\t\t<div class=\"kt-load-cube-grid\">\n\t\t\t\t\t<div class=\"kt-load-cube kt-load-cube1\"><\/div>\n\t\t\t\t\t<div class=\"kt-load-cube kt-load-cube2\"><\/div>\n\t\t\t\t\t<div class=\"kt-load-cube kt-load-cube3\"><\/div>\n\t\t\t\t\t<div class=\"kt-load-cube kt-load-cube4\"><\/div>\n\t\t\t\t\t<div class=\"kt-load-cube kt-load-cube5\"><\/div>\n\t\t\t\t\t<div class=\"kt-load-cube kt-load-cube6\"><\/div>\n\t\t\t\t\t<div class=\"kt-load-cube kt-load-cube7\"><\/div>\n\t\t\t\t\t<div class=\"kt-load-cube kt-load-cube8\"><\/div>\n\t\t\t\t\t<div class=\"kt-load-cube kt-load-cube9\"><\/div>\n\t\t\t\t\t<div class=\"kt-loading-text\">Loading Images<\/div>\n\t\t\t\t<\/div>\n\t\t<\/div>\n\t\t<div class=\"kt-galleries-container kt-loadeding kt-gallery-966 kt-local-gallery kt-galleries-show-caption-bottom kt-ga-columns-lg-1 kt-ga-columns-md-1 kt-ga-columns-sm-1\" data-gallery-source=\"\" data-gallery-lightbox=\"magnific\" data-image-width=\"1200\" data-image-height=\"\" data-api=\"local\" data-images-link=\"lightbox\" data-gallery-id=\"966\" data-ratio=\"notcropped\" data-gallery-name=\"Prime Tower\" data-gallery-height=\"300\" data-gallery-filter=\"false\" data-gallery-type=\"masonry\" data-gallery-lastrow=\"nojustify\" data-gallery-margins=\"5\">\n\t\t<div class=\"kt-gallery-item kt-has-caption zurich kt-gal-external \"><a href=\"https:\/\/narchitektur.ch\/de\/prime-tower-zurich\/\" class=\"kt-no-lightbox kt-gal-fade-in\" target=\"_self\" data-size=\"1280x684\"><div class=\"kt-gallery-intrinsic\" style=\"padding-bottom:53.416666666667%;\"><div class=\"kt-gallery-intrinsic-inner\"><img loading=\"lazy\" decoding=\"async\" src=\"https:\/\/narchitektur.ch\/wp-content\/uploads\/2021\/06\/DSC04615_Narchitektur_ZH_Primetower_Sige-Nagels-1200x641.jpg\" width=\"1200\" height=\"641\" srcset=\"https:\/\/narchitektur.ch\/wp-content\/uploads\/2021\/06\/DSC04615_Narchitektur_ZH_Primetower_Sige-Nagels-1200x641.jpg 1200w, https:\/\/narchitektur.ch\/wp-content\/uploads\/2021\/06\/DSC04615_Narchitektur_ZH_Primetower_Sige-Nagels-300x160.jpg 300w, https:\/\/narchitektur.ch\/wp-content\/uploads\/2021\/06\/DSC04615_Narchitektur_ZH_Primetower_Sige-Nagels-1024x547.jpg 1024w, https:\/\/narchitektur.ch\/wp-content\/uploads\/2021\/06\/DSC04615_Narchitektur_ZH_Primetower_Sige-Nagels-768x410.jpg 768w, https:\/\/narchitektur.ch\/wp-content\/uploads\/2021\/06\/DSC04615_Narchitektur_ZH_Primetower_Sige-Nagels.jpg 1280w\" sizes=\"(max-width: 1200px) 100vw, 1200px\" class=\"\" alt=\"\" ><\/div><\/div><div class=\"kt-gallery-item-overlay\"><div class=\"kt-overlay-border\"><\/div><div class=\"kt-gallery-align-vertical\"><i class=\"kt-gallery-item-icon\"><\/i><\/div><\/div><div class=\"kt-gallery-caption-container\"><div class=\"kt-gallery-caption\"><div class=\"kt-gallery-categories\">Z\u00dcRICH<\/div><div class=\"kt-gallery-caption-title\"><h5>DSC04615_Narchitektur_ZH_Primetower_Sige-Nagels<\/h5><\/div><\/div><\/div><\/a><\/div>\t\t<\/div>\n\t\t<\/div>\n\t\t\n\n\n\t\t\t<div class=\"kt-gal-outer kt-gal-outer-basic\">\n\t\t\t<div class=\"kt-galleries-loading kt-loadeding\">\n\t\t\t\t\t\t\t<div class=\"kt-load-cube-grid\">\n\t\t\t\t\t<div class=\"kt-load-cube kt-load-cube1\"><\/div>\n\t\t\t\t\t<div class=\"kt-load-cube kt-load-cube2\"><\/div>\n\t\t\t\t\t<div class=\"kt-load-cube kt-load-cube3\"><\/div>\n\t\t\t\t\t<div class=\"kt-load-cube kt-load-cube4\"><\/div>\n\t\t\t\t\t<div class=\"kt-load-cube kt-load-cube5\"><\/div>\n\t\t\t\t\t<div class=\"kt-load-cube kt-load-cube6\"><\/div>\n\t\t\t\t\t<div class=\"kt-load-cube kt-load-cube7\"><\/div>\n\t\t\t\t\t<div class=\"kt-load-cube kt-load-cube8\"><\/div>\n\t\t\t\t\t<div class=\"kt-load-cube kt-load-cube9\"><\/div>\n\t\t\t\t\t<div class=\"kt-loading-text\">Loading Images<\/div>\n\t\t\t\t<\/div>\n\t\t<\/div>\n\t\t<div class=\"kt-galleries-container kt-loadeding kt-gallery-1037 kt-local-gallery kt-galleries-show-caption-bottom kt-ga-columns-lg-3 kt-ga-columns-md-3 kt-ga-columns-sm-1\" data-gallery-source=\"\" data-gallery-lightbox=\"magnific\" data-image-width=\"400\" data-image-height=\"296\" data-api=\"local\" data-images-link=\"lightbox\" data-gallery-id=\"1037\" data-ratio=\"cropped\" data-gallery-name=\"All\" data-gallery-height=\"300\" data-gallery-filter=\"false\" data-gallery-type=\"masonry\" data-gallery-lastrow=\"nojustify\" data-gallery-margins=\"5\">\n\t\t<div class=\"kt-gallery-item kt-has-caption zurich kt-gal-external \"><a href=\"https:\/\/narchitektur.ch\/de\/bahnhofbruecke-zurich\/\" class=\"kt-no-lightbox kt-gal-fade-in\" target=\"_self\" data-size=\"1280x755\"><div class=\"kt-gallery-intrinsic\" style=\"padding-bottom:74%;\"><div class=\"kt-gallery-intrinsic-inner\"><img loading=\"lazy\" decoding=\"async\" src=\"https:\/\/narchitektur.ch\/wp-content\/uploads\/2021\/06\/SIge200875_Narchitektur_ZH_Bahnhofbru\u0308cke_Sige-Nagels-400x296.jpg\" width=\"400\" height=\"296\" srcset=\"https:\/\/narchitektur.ch\/wp-content\/uploads\/2021\/06\/SIge200875_Narchitektur_ZH_Bahnhofbru\u0308cke_Sige-Nagels-400x296.jpg 400w, https:\/\/narchitektur.ch\/wp-content\/uploads\/2021\/06\/SIge200875_Narchitektur_ZH_Bahnhofbru\u0308cke_Sige-Nagels-800x592.jpg 800w\" sizes=\"(max-width: 400px) 100vw, 400px\" class=\"\" alt=\"\" ><\/div><\/div><div class=\"kt-gallery-item-overlay\"><div class=\"kt-overlay-border\"><\/div><div class=\"kt-gallery-align-vertical\"><i class=\"kt-gallery-item-icon\"><\/i><\/div><\/div><div class=\"kt-gallery-caption-container\"><div class=\"kt-gallery-caption\"><div class=\"kt-gallery-categories\">Z\u00dcRICH<\/div><div class=\"kt-gallery-caption-title\"><h5>BahnhofBr\u00fccke<\/h5><\/div><\/div><\/div><\/a><\/div><div class=\"kt-gallery-item kt-has-caption zurich kt-gal-external \"><a href=\"https:\/\/narchitektur.ch\/de\/escher-wyss-platz-zurich\/\" class=\"kt-no-lightbox kt-gal-fade-in\" target=\"_self\" data-size=\"2560x1707\"><div class=\"kt-gallery-intrinsic\" style=\"padding-bottom:74%;\"><div class=\"kt-gallery-intrinsic-inner\"><img loading=\"lazy\" decoding=\"async\" src=\"https:\/\/narchitektur.ch\/wp-content\/uploads\/2021\/06\/SIge200859_Narchitecture_Escher-Wyss-Platz-scaled-400x296.jpg\" width=\"400\" height=\"296\" srcset=\"https:\/\/narchitektur.ch\/wp-content\/uploads\/2021\/06\/SIge200859_Narchitecture_Escher-Wyss-Platz-scaled-400x296.jpg 400w, https:\/\/narchitektur.ch\/wp-content\/uploads\/2021\/06\/SIge200859_Narchitecture_Escher-Wyss-Platz-scaled-800x592.jpg 800w\" sizes=\"(max-width: 400px) 100vw, 400px\" class=\"\" alt=\"\" ><\/div><\/div><div class=\"kt-gallery-item-overlay\"><div class=\"kt-overlay-border\"><\/div><div class=\"kt-gallery-align-vertical\"><i class=\"kt-gallery-item-icon\"><\/i><\/div><\/div><div class=\"kt-gallery-caption-container\"><div class=\"kt-gallery-caption\"><div class=\"kt-gallery-categories\">Z\u00dcRICH<\/div><div class=\"kt-gallery-caption-title\"><h5>Escher Wyss Platz<\/h5><\/div><\/div><\/div><\/a><\/div><div class=\"kt-gallery-item kt-has-caption zurich kt-gal-external \"><a href=\"https:\/\/narchitektur.ch\/de\/sechselaeutenplatz-zurich\/\" class=\"kt-no-lightbox kt-gal-fade-in\" target=\"_self\" data-size=\"1280x857\"><div class=\"kt-gallery-intrinsic\" style=\"padding-bottom:74%;\"><div class=\"kt-gallery-intrinsic-inner\"><img loading=\"lazy\" decoding=\"async\" src=\"https:\/\/narchitektur.ch\/wp-content\/uploads\/2021\/06\/DSC04542_Narchitektur_Sechselautenplatz_Zu\u0308rich_Sige-Nagels-kopie-400x296.jpg\" width=\"400\" height=\"296\" srcset=\"https:\/\/narchitektur.ch\/wp-content\/uploads\/2021\/06\/DSC04542_Narchitektur_Sechselautenplatz_Zu\u0308rich_Sige-Nagels-kopie-400x296.jpg 400w, https:\/\/narchitektur.ch\/wp-content\/uploads\/2021\/06\/DSC04542_Narchitektur_Sechselautenplatz_Zu\u0308rich_Sige-Nagels-kopie-800x592.jpg 800w\" sizes=\"(max-width: 400px) 100vw, 400px\" class=\"\" alt=\"\" ><\/div><\/div><div class=\"kt-gallery-item-overlay\"><div class=\"kt-overlay-border\"><\/div><div class=\"kt-gallery-align-vertical\"><i class=\"kt-gallery-item-icon\"><\/i><\/div><\/div><div class=\"kt-gallery-caption-container\"><div class=\"kt-gallery-caption\"><div class=\"kt-gallery-categories\">Z\u00dcRICH<\/div><div class=\"kt-gallery-caption-title\"><h5>Sechsel\u00e4utenplatz<\/h5><\/div><\/div><\/div><\/a><\/div><div class=\"kt-gallery-item kt-has-caption zurich kt-gal-external \"><a href=\"https:\/\/narchitektur.ch\/de\/helvetiaplatz-zurich\/\" class=\"kt-no-lightbox kt-gal-fade-in\" target=\"_self\" data-size=\"1280x760\"><div class=\"kt-gallery-intrinsic\" style=\"padding-bottom:74%;\"><div class=\"kt-gallery-intrinsic-inner\"><img loading=\"lazy\" decoding=\"async\" src=\"https:\/\/narchitektur.ch\/wp-content\/uploads\/2021\/06\/DSC04367_Narchitektur_ZH_Helvetiaplatz_Sige-Nagels-400x296.jpg\" width=\"400\" height=\"296\" srcset=\"https:\/\/narchitektur.ch\/wp-content\/uploads\/2021\/06\/DSC04367_Narchitektur_ZH_Helvetiaplatz_Sige-Nagels-400x296.jpg 400w, https:\/\/narchitektur.ch\/wp-content\/uploads\/2021\/06\/DSC04367_Narchitektur_ZH_Helvetiaplatz_Sige-Nagels-800x592.jpg 800w\" sizes=\"(max-width: 400px) 100vw, 400px\" class=\"\" alt=\"\" ><\/div><\/div><div class=\"kt-gallery-item-overlay\"><div class=\"kt-overlay-border\"><\/div><div class=\"kt-gallery-align-vertical\"><i class=\"kt-gallery-item-icon\"><\/i><\/div><\/div><div class=\"kt-gallery-caption-container\"><div class=\"kt-gallery-caption\"><div class=\"kt-gallery-categories\">Z\u00dcRICH<\/div><div class=\"kt-gallery-caption-title\"><h5>Helvetiaplatz<\/h5><\/div><\/div><\/div><\/a><\/div><div class=\"kt-gallery-item kt-has-caption zurich kt-gal-external \"><a href=\"https:\/\/narchitektur.ch\/de\/langstrasse-SBB-zurich\/\" class=\"kt-no-lightbox kt-gal-fade-in\" target=\"_self\" data-size=\"1280x866\"><div class=\"kt-gallery-intrinsic\" style=\"padding-bottom:74%;\"><div class=\"kt-gallery-intrinsic-inner\"><img loading=\"lazy\" decoding=\"async\" src=\"https:\/\/narchitektur.ch\/wp-content\/uploads\/2021\/06\/DSC04392-2-400x296.jpg\" width=\"400\" height=\"296\" srcset=\"https:\/\/narchitektur.ch\/wp-content\/uploads\/2021\/06\/DSC04392-2-400x296.jpg 400w, https:\/\/narchitektur.ch\/wp-content\/uploads\/2021\/06\/DSC04392-2-800x592.jpg 800w\" sizes=\"(max-width: 400px) 100vw, 400px\" class=\"\" alt=\"\" ><\/div><\/div><div class=\"kt-gallery-item-overlay\"><div class=\"kt-overlay-border\"><\/div><div class=\"kt-gallery-align-vertical\"><i class=\"kt-gallery-item-icon\"><\/i><\/div><\/div><div class=\"kt-gallery-caption-container\"><div class=\"kt-gallery-caption\"><div class=\"kt-gallery-categories\">Z\u00dcRICH<\/div><div class=\"kt-gallery-caption-title\"><h5>Langstrasse SBB<\/h5><\/div><\/div><\/div><\/a><\/div><div class=\"kt-gallery-item kt-has-caption zurich kt-gal-external \"><a href=\"https:\/\/narchitektur.ch\/de\/muensterhof-zurich\/\" class=\"kt-no-lightbox kt-gal-fade-in\" target=\"_self\" data-size=\"1280x857\"><div class=\"kt-gallery-intrinsic\" style=\"padding-bottom:74%;\"><div class=\"kt-gallery-intrinsic-inner\"><img loading=\"lazy\" decoding=\"async\" src=\"https:\/\/narchitektur.ch\/wp-content\/uploads\/2021\/06\/DSC04331-2-400x296.jpg\" width=\"400\" height=\"296\" srcset=\"https:\/\/narchitektur.ch\/wp-content\/uploads\/2021\/06\/DSC04331-2-400x296.jpg 400w, https:\/\/narchitektur.ch\/wp-content\/uploads\/2021\/06\/DSC04331-2-800x592.jpg 800w\" sizes=\"(max-width: 400px) 100vw, 400px\" class=\"\" alt=\"\" ><\/div><\/div><div class=\"kt-gallery-item-overlay\"><div class=\"kt-overlay-border\"><\/div><div class=\"kt-gallery-align-vertical\"><i class=\"kt-gallery-item-icon\"><\/i><\/div><\/div><div class=\"kt-gallery-caption-container\"><div class=\"kt-gallery-caption\"><div class=\"kt-gallery-categories\">Z\u00dcRICH<\/div><div class=\"kt-gallery-caption-title\"><h5>Mu\u0308nsterhof<\/h5><\/div><\/div><\/div><\/a><\/div><div class=\"kt-gallery-item kt-has-caption zurich kt-gal-external \"><a href=\"https:\/\/narchitektur.ch\/de\/rosengartenbrucke-zurich\/\" class=\"kt-no-lightbox kt-gal-fade-in\" target=\"_self\" data-size=\"2362x1581\"><div class=\"kt-gallery-intrinsic\" style=\"padding-bottom:74%;\"><div class=\"kt-gallery-intrinsic-inner\"><img loading=\"lazy\" decoding=\"async\" src=\"https:\/\/narchitektur.ch\/wp-content\/uploads\/2020\/12\/Matrix_DSC04519-1_SigeNagels_Rosengartenbru\u0308cke_Narchitektur-400x296.jpg\" width=\"400\" height=\"296\" srcset=\"https:\/\/narchitektur.ch\/wp-content\/uploads\/2020\/12\/Matrix_DSC04519-1_SigeNagels_Rosengartenbru\u0308cke_Narchitektur-400x296.jpg 400w, https:\/\/narchitektur.ch\/wp-content\/uploads\/2020\/12\/Matrix_DSC04519-1_SigeNagels_Rosengartenbru\u0308cke_Narchitektur-800x592.jpg 800w\" sizes=\"(max-width: 400px) 100vw, 400px\" class=\"\" alt=\"\" ><\/div><\/div><div class=\"kt-gallery-item-overlay\"><div class=\"kt-overlay-border\"><\/div><div class=\"kt-gallery-align-vertical\"><i class=\"kt-gallery-item-icon\"><\/i><\/div><\/div><div class=\"kt-gallery-caption-container\"><div class=\"kt-gallery-caption\"><div class=\"kt-gallery-categories\">Z\u00dcRICH<\/div><div class=\"kt-gallery-caption-title\"><h5>Rosengartenbru\u0308cke<\/h5><\/div><\/div><\/div><\/a><\/div><div class=\"kt-gallery-item kt-has-caption zurich kt-gal-external \"><a href=\"https:\/\/narchitektur.ch\/de\/hardbrucke-bahnhof-SBB-zurich\/\" class=\"kt-no-lightbox kt-gal-fade-in\" target=\"_self\" data-size=\"1280x793\"><div class=\"kt-gallery-intrinsic\" style=\"padding-bottom:74%;\"><div class=\"kt-gallery-intrinsic-inner\"><img loading=\"lazy\" decoding=\"async\" src=\"https:\/\/narchitektur.ch\/wp-content\/uploads\/2021\/06\/DSC04259_Narchitektur_ZH_HBHardbru\u0308cke_SBB_Sige-Nagels-400x296.jpg\" width=\"400\" height=\"296\" srcset=\"https:\/\/narchitektur.ch\/wp-content\/uploads\/2021\/06\/DSC04259_Narchitektur_ZH_HBHardbru\u0308cke_SBB_Sige-Nagels-400x296.jpg 400w, https:\/\/narchitektur.ch\/wp-content\/uploads\/2021\/06\/DSC04259_Narchitektur_ZH_HBHardbru\u0308cke_SBB_Sige-Nagels-800x592.jpg 800w\" sizes=\"(max-width: 400px) 100vw, 400px\" class=\"\" alt=\"\" ><\/div><\/div><div class=\"kt-gallery-item-overlay\"><div class=\"kt-overlay-border\"><\/div><div class=\"kt-gallery-align-vertical\"><i class=\"kt-gallery-item-icon\"><\/i><\/div><\/div><div class=\"kt-gallery-caption-container\"><div class=\"kt-gallery-caption\"><div class=\"kt-gallery-categories\">Z\u00dcRICH<\/div><div class=\"kt-gallery-caption-title\"><h5>Hardbr\u00fccke Bahnhof SBB<\/h5><\/div><\/div><\/div><\/a><\/div>\t\t<\/div>\n\t\t<\/div>\n\t\t\n\n\n<style>#kt-layout-id_ec7105-94{margin-top:30px;}#kt-layout-id_ec7105-94 > .kt-row-column-wrap{align-content:center;}:where(#kt-layout-id_ec7105-94 > .kt-row-column-wrap) > .wp-block-kadence-column{justify-content:center;}#kt-layout-id_ec7105-94 > .kt-row-column-wrap{column-gap:var(--global-kb-gap-md, 2rem);row-gap:var(--global-kb-gap-md, 2rem);padding-top:var( --global-kb-row-default-top, 25px );padding-bottom:var( --global-kb-row-default-bottom, 25px );padding-top:var(--global-kb-spacing-sm, 1.5rem);padding-bottom:var(--global-kb-spacing-sm, 1.5rem);grid-template-columns:minmax(0, 1fr);}#kt-layout-id_ec7105-94 > .kt-row-layout-overlay{opacity:0.30;}@media all and (max-width: 1024px){#kt-layout-id_ec7105-94 > .kt-row-column-wrap{grid-template-columns:minmax(0, 1fr);}}@media all and (max-width: 767px){#kt-layout-id_ec7105-94 > .kt-row-column-wrap{grid-template-columns:minmax(0, 1fr);}}<\/style>\n<div class=\"wp-block-kadence-rowlayout alignnone\"><div id=\"kt-layout-id_ec7105-94\" class=\"kt-row-layout-inner kt-layout-id_ec7105-94\"><div class=\"kt-row-column-wrap kt-has-1-columns kt-gutter-default kt-v-gutter-default kt-row-valign-middle kt-row-layout-equal kt-tab-layout-inherit kt-m-colapse-left-to-right kt-mobile-layout-row\"><style>.kadence-column_dcb860-ad > .kt-inside-inner-col{border-top-width:0px;border-right-width:0px;border-bottom-width:0px;border-left-width:0px;}.kadence-column_dcb860-ad > .kt-inside-inner-col,.kadence-column_dcb860-ad > .kt-inside-inner-col:before{border-top-left-radius:0px;border-top-right-radius:0px;border-bottom-right-radius:0px;border-bottom-left-radius:0px;}.kadence-column_dcb860-ad > .kt-inside-inner-col{column-gap:var(--global-kb-gap-sm, 1rem);}.kadence-column_dcb860-ad > .kt-inside-inner-col{flex-direction:column;}.kadence-column_dcb860-ad > .kt-inside-inner-col > .aligncenter{width:100%;}.kadence-column_dcb860-ad > .kt-inside-inner-col:before{opacity:0.3;}.kadence-column_dcb860-ad{position:relative;}@media all and (max-width: 1024px){.kadence-column_dcb860-ad > .kt-inside-inner-col{flex-direction:column;}}@media all and (max-width: 767px){.kadence-column_dcb860-ad > .kt-inside-inner-col{flex-direction:column;}}<\/style>\n<div class=\"wp-block-kadence-column inner-column-1 kadence-column_dcb860-ad\"><div class=\"kt-inside-inner-col\">\n<p>Diese kreativen architektonischen K\u00fcnstlerl\u00f6sungen werden als biophiles Design f\u00fcr gr\u00fcne und nachhaltige St\u00e4dte dargestellt. Diese breite Ebene der Inspiration, ausgedr\u00fcckt als Kunst, soll die Vorstellungskraft f\u00fcr die M\u00f6glichkeiten anregen, positive Ver\u00e4nderungen anzustossen und die dr\u00e4ngenden Probleme zu reduzieren, die durch unser sich ver\u00e4nderndes Klima in jeder Stadt auf der Welt entstehen. Auf diese Weise wird ein l\u00f6sungsorientierter, unmittelbarer Ansatz angeboten, der die Kraft der Natur und der Architektur nutzt, anstatt einen langwierigen Plan zu erstellen, um einen schnellen und anhaltenden Impuls in Richtung eines Lebens zu schaffen, von dem wir pers\u00f6nlich und als globales Kollektiv tr\u00e4umen k\u00f6nnen. <\/p>\n\n\n\n<p>Narchitektur \u00fcberbr\u00fcckt mit seiner mutigen und einzigartigen Herangehensweise an den Klimawandel die Kluft zwischen dem, was wir haben, und dem, wo wir letztendlich sein wollen. <\/p>\n\n\n\n<p> Sige organisiert und wird h\u00e4ufig eingeladen, an Ausstellungen, Plenarvortr\u00e4gen und Pr\u00e4sentationen in Z\u00fcrich und Basel teilzunehmen und ist immer auf der Suche nach Kooperationen mit Stiftungen, Museen, Galerien und Institutionen innerhalb und ausserhalb der Schweiz. Dar\u00fcber hinaus m\u00f6chte sie mit dieser wichtigen Installation und kritischen Botschaft ein weltweites Publikum erreichen. Wenn Sie der Meinung sind, dass Sige f\u00fcr Ihre Organisation oder Veranstaltung geeignet w\u00e4re, k\u00f6nnen Sie sie <a href=\"https:\/\/narchitektur.ch\/de\/kontakt\/\">hier<\/a> kontaktieren. <\/p>\n<\/div><\/div>\n<\/div><\/div><\/div>\n\n\n\n<h2 class=\"wp-block-heading\">Gesehen bei<\/h2>\n\n\n<style>.wp-block-kadence-advancedgallery .kb-gallery-type-grid.kb-gallery-id-_a5b244-47{margin:-30px;}.kb-gallery-type-grid.kb-gallery-id-_a5b244-47 .kadence-blocks-gallery-item{padding:30px;}.kb-gallery-id-_a5b244-47 .kadence-blocks-gallery-item .kb-gal-image-radius{border-radius:0px 0px 0px 0px;;}<\/style>\n<div class=\"wp-block-kadence-advancedgallery kb-gallery-wrap-id-_a5b244-47\"><ul class=\"kb-gallery-ul kb-gallery-type-grid kb-gallery-id-_a5b244-47 kb-gallery-caption-style-bottom-hover kb-gallery-filter-none\" data-item-selector=\".kadence-blocks-gallery-item\" data-image-filter=\"none\" data-lightbox-caption=\"true\" data-columns-xxl=\"4\" data-columns-xl=\"4\" data-columns-lg=\"4\" data-columns-md=\"2\" data-columns-sm=\"2\" data-columns-xs=\"2\"><li class=\"kadence-blocks-gallery-item\"><div class=\"kadence-blocks-gallery-item-inner\"><figure class=\"kb-gallery-figure kb-gallery-item-has-link kadence-blocks-gallery-item-hide-caption kb-has-image-ratio-square\"><a href=\"https:\/\/www.climanosco.org\/\" class=\"kb-gallery-item-link\" target=\"_blank\" rel=\"noopener noreferrer\"><div class=\"kb-gal-image-radius\"><div class=\"kb-gallery-image-contain kadence-blocks-gallery-intrinsic kb-gallery-image-ratio-square\"><img loading=\"lazy\" decoding=\"async\" src=\"https:\/\/narchitektur.ch\/wp-content\/uploads\/2021\/04\/climanosco-1024x1024.png\" width=\"1024\" height=\"1024\" alt=\"\" data-full-image=\"https:\/\/narchitektur.ch\/wp-content\/uploads\/2021\/04\/climanosco.png\" data-light-image=\"https:\/\/narchitektur.ch\/wp-content\/uploads\/2021\/04\/climanosco.png\" data-id=\"380\" data-link=\"https:\/\/narchitektur.ch\/41-2\/climanosco\/\" data-custom-link=\"https:\/\/www.climanosco.org\/\" data-custom-link-target=\"_blank\" class=\"wp-image-380undefined\" srcset=\"https:\/\/narchitektur.ch\/wp-content\/uploads\/2021\/04\/climanosco-1024x1024.png 1024w, https:\/\/narchitektur.ch\/wp-content\/uploads\/2021\/04\/climanosco-300x300.png 300w, https:\/\/narchitektur.ch\/wp-content\/uploads\/2021\/04\/climanosco-150x150.png 150w, https:\/\/narchitektur.ch\/wp-content\/uploads\/2021\/04\/climanosco-768x768.png 768w, https:\/\/narchitektur.ch\/wp-content\/uploads\/2021\/04\/climanosco-1536x1536.png 1536w, https:\/\/narchitektur.ch\/wp-content\/uploads\/2021\/04\/climanosco.png 1883w\" sizes=\"(max-width: 1024px) 100vw, 1024px\" \/><\/div><\/div><\/a><\/figure><\/div><\/li><li class=\"kadence-blocks-gallery-item\"><div class=\"kadence-blocks-gallery-item-inner\"><figure class=\"kb-gallery-figure kb-gallery-item-has-link kadence-blocks-gallery-item-hide-caption kb-has-image-ratio-square\"><a href=\"https:\/\/sedartis.ch\/de\/\" class=\"kb-gallery-item-link\" target=\"_blank\" rel=\"noopener noreferrer\"><div class=\"kb-gal-image-radius\"><div class=\"kb-gallery-image-contain kadence-blocks-gallery-intrinsic kb-gallery-image-ratio-square\"><img loading=\"lazy\" decoding=\"async\" src=\"https:\/\/narchitektur.ch\/wp-content\/uploads\/2021\/04\/sedartis.png\" width=\"290\" height=\"290\" alt=\"\" data-full-image=\"https:\/\/narchitektur.ch\/wp-content\/uploads\/2021\/04\/sedartis.png\" data-light-image=\"https:\/\/narchitektur.ch\/wp-content\/uploads\/2021\/04\/sedartis.png\" data-id=\"384\" data-link=\"https:\/\/narchitektur.ch\/41-2\/sedartis\/\" data-custom-link=\"https:\/\/sedartis.ch\/de\/\" data-custom-link-target=\"_blank\" class=\"wp-image-384undefined\" srcset=\"https:\/\/narchitektur.ch\/wp-content\/uploads\/2021\/04\/sedartis.png 290w, https:\/\/narchitektur.ch\/wp-content\/uploads\/2021\/04\/sedartis-150x150.png 150w\" sizes=\"(max-width: 290px) 100vw, 290px\" \/><\/div><\/div><\/a><\/figure><\/div><\/li><li class=\"kadence-blocks-gallery-item\"><div class=\"kadence-blocks-gallery-item-inner\"><figure class=\"kb-gallery-figure kb-gallery-item-has-link kadence-blocks-gallery-item-hide-caption kb-has-image-ratio-square\"><a href=\"https:\/\/www.imfenster.ch\/\" class=\"kb-gallery-item-link\" target=\"_blank\" rel=\"noopener noreferrer\"><div class=\"kb-gal-image-radius\"><div class=\"kb-gallery-image-contain kadence-blocks-gallery-intrinsic kb-gallery-image-ratio-square\"><img loading=\"lazy\" decoding=\"async\" src=\"https:\/\/narchitektur.ch\/wp-content\/uploads\/2021\/04\/imfenster2.png\" width=\"280\" height=\"254\" alt=\"\" data-full-image=\"https:\/\/narchitektur.ch\/wp-content\/uploads\/2021\/04\/imfenster2.png\" data-light-image=\"https:\/\/narchitektur.ch\/wp-content\/uploads\/2021\/04\/imfenster2.png\" data-id=\"390\" data-link=\"https:\/\/narchitektur.ch\/41-2\/imfenster2\/\" data-custom-link=\"https:\/\/www.imfenster.ch\/\" data-custom-link-target=\"_blank\" class=\"wp-image-390undefined\"\/><\/div><\/div><\/a><\/figure><\/div><\/li><li class=\"kadence-blocks-gallery-item\"><div class=\"kadence-blocks-gallery-item-inner\"><figure class=\"kb-gallery-figure kb-gallery-item-has-link kadence-blocks-gallery-item-hide-caption kb-has-image-ratio-square\"><a href=\"https:\/\/www.novumbasel.com\/de\/dt_gallery\/sige-nagels\/\" class=\"kb-gallery-item-link\" target=\"_blank\" rel=\"noopener noreferrer\"><div class=\"kb-gal-image-radius\"><div class=\"kb-gallery-image-contain kadence-blocks-gallery-intrinsic kb-gallery-image-ratio-square\"><img loading=\"lazy\" decoding=\"async\" src=\"https:\/\/narchitektur.ch\/wp-content\/uploads\/2021\/04\/novum.jpg\" width=\"198\" height=\"199\" alt=\"\" data-full-image=\"https:\/\/narchitektur.ch\/wp-content\/uploads\/2021\/04\/novum.jpg\" data-light-image=\"https:\/\/narchitektur.ch\/wp-content\/uploads\/2021\/04\/novum.jpg\" data-id=\"387\" data-link=\"https:\/\/narchitektur.ch\/41-2\/novum\/\" data-custom-link=\"https:\/\/www.novumbasel.com\/de\/dt_gallery\/sige-nagels\/\" data-custom-link-target=\"_blank\" class=\"wp-image-387undefined\" srcset=\"https:\/\/narchitektur.ch\/wp-content\/uploads\/2021\/04\/novum.jpg 198w, https:\/\/narchitektur.ch\/wp-content\/uploads\/2021\/04\/novum-150x150.jpg 150w\" sizes=\"(max-width: 198px) 100vw, 198px\" \/><\/div><\/div><\/a><\/figure><\/div><\/li><\/ul><\/div>\n\n\n\n<p><\/p>\n","protected":false},"excerpt":{"rendered":"<p>Wenn Natur &amp; Architektur zu einer gewebten Struktur verbunden und dann in die bestehende Infrastruktur der heutigen Stadt integriert werden, haben die Stadt und ihre Bewohner eine unmittelbare Antwort auf den Klimawandel. Begleiten Sie Sige auf einem Spaziergang durch Z\u00fcrich, wo sie Sie in die nahe Zukunft entf\u00fchrt, wo ihr Architekten- und K\u00fcnstlerentwurf Antworten gibt&#8230;<\/p>\n","protected":false},"author":1,"featured_media":0,"parent":0,"menu_order":0,"comment_status":"closed","ping_status":"closed","template":"","meta":{"_kad_blocks_custom_css":"","_kad_blocks_head_custom_js":"","_kad_blocks_body_custom_js":"","_kad_blocks_footer_custom_js":"","_kad_post_transparent":"","_kad_post_title":"","_kad_post_layout":"","_kad_post_sidebar_id":"","_kad_post_content_style":"","_kad_post_vertical_padding":"","_kad_post_feature":"","_kad_post_feature_position":"","_kad_post_header":false,"_kad_post_footer":false,"footnotes":""},"class_list":["post-606","page","type-page","status-publish","hentry"],"taxonomy_info":[],"featured_image_src_large":false,"author_info":{"display_name":"evelynevanraes","author_link":"https:\/\/narchitektur.ch\/de\/author\/evelynevanraes\/"},"comment_info":0,"_links":{"self":[{"href":"https:\/\/narchitektur.ch\/de\/wp-json\/wp\/v2\/pages\/606"}],"collection":[{"href":"https:\/\/narchitektur.ch\/de\/wp-json\/wp\/v2\/pages"}],"about":[{"href":"https:\/\/narchitektur.ch\/de\/wp-json\/wp\/v2\/types\/page"}],"author":[{"embeddable":true,"href":"https:\/\/narchitektur.ch\/de\/wp-json\/wp\/v2\/users\/1"}],"replies":[{"embeddable":true,"href":"https:\/\/narchitektur.ch\/de\/wp-json\/wp\/v2\/comments?post=606"}],"version-history":[{"count":0,"href":"https:\/\/narchitektur.ch\/de\/wp-json\/wp\/v2\/pages\/606\/revisions"}],"wp:attachment":[{"href":"https:\/\/narchitektur.ch\/de\/wp-json\/wp\/v2\/media?parent=606"}],"curies":[{"name":"wp","href":"https:\/\/api.w.org\/{rel}","templated":true}]}}