{"id":1592,"date":"2021-06-20T14:00:00","date_gmt":"2021-06-20T14:00:00","guid":{"rendered":"https:\/\/narchitektur.ch\/was\/"},"modified":"2021-06-27T16:27:22","modified_gmt":"2021-06-27T16:27:22","slug":"das-projekt","status":"publish","type":"page","link":"https:\/\/narchitektur.ch\/de\/das-projekt\/","title":{"rendered":"Das Projekt"},"content":{"rendered":"<style>.wp-block-kadence-advancedheading.kt-adv-heading_f4add6-21, .wp-block-kadence-advancedheading.kt-adv-heading_f4add6-21[data-kb-block=\"kb-adv-heading_f4add6-21\"]{margin-bottom:30px;font-style:normal;}.wp-block-kadence-advancedheading.kt-adv-heading_f4add6-21 mark, .wp-block-kadence-advancedheading.kt-adv-heading_f4add6-21[data-kb-block=\"kb-adv-heading_f4add6-21\"] mark{font-style:normal;color:#f76a0c;padding-top:0px;padding-right:0px;padding-bottom:0px;padding-left:0px;}<\/style>\n<h2 class=\"kt-adv-heading_f4add6-21 wp-block-kadence-advancedheading\" data-kb-block=\"kb-adv-heading_f4add6-21\">Was ist Narchitektur?<\/h2>\n\n<p>Wenn Natur &amp; Architektur zu einer gewebten Struktur verbunden und dann in die bestehende Infrastruktur der heutigen Stadt integriert werden, haben die Stadt und ihre Bewohner eine unmittelbare Antwort auf den Klimawandel.<\/p>\n<style>#kt-layout-id_4d4527-53 > .kt-row-column-wrap{align-content:start;}:where(#kt-layout-id_4d4527-53 > .kt-row-column-wrap) > .wp-block-kadence-column{justify-content:start;}#kt-layout-id_4d4527-53 > .kt-row-column-wrap{column-gap:var(--global-kb-gap-lg, 4rem);row-gap:var(--global-kb-gap-md, 2rem);padding-top:var( --global-kb-row-default-top, 25px );padding-bottom:var( --global-kb-row-default-bottom, 25px );padding-top:var(--global-kb-spacing-sm, 1.5rem);padding-bottom:var(--global-kb-spacing-sm, 1.5rem);grid-template-columns:repeat(2, minmax(0, 1fr));}#kt-layout-id_4d4527-53 > .kt-row-layout-overlay{opacity:0.30;}@media all and (max-width: 1024px){#kt-layout-id_4d4527-53 > .kt-row-column-wrap{grid-template-columns:repeat(2, minmax(0, 1fr));}}@media all and (max-width: 767px){#kt-layout-id_4d4527-53 > .kt-row-column-wrap{grid-template-columns:minmax(0, 1fr);}}<\/style>\n<div class=\"wp-block-kadence-rowlayout alignnone\"><div id=\"kt-layout-id_4d4527-53\" class=\"kt-row-layout-inner kt-layout-id_4d4527-53\"><div class=\"kt-row-column-wrap kt-has-2-columns kt-gutter-wider kt-v-gutter-default kt-row-valign-top kt-row-layout-equal kt-tab-layout-inherit kt-m-colapse-left-to-right kt-mobile-layout-row\"><style>.kadence-column_26c2eb-86 > .kt-inside-inner-col{border-top-width:0px;border-right-width:0px;border-bottom-width:0px;border-left-width:0px;}.kadence-column_26c2eb-86 > .kt-inside-inner-col,.kadence-column_26c2eb-86 > .kt-inside-inner-col:before{border-top-left-radius:0px;border-top-right-radius:0px;border-bottom-right-radius:0px;border-bottom-left-radius:0px;}.kadence-column_26c2eb-86 > .kt-inside-inner-col{column-gap:var(--global-kb-gap-sm, 1rem);}.kadence-column_26c2eb-86 > .kt-inside-inner-col{flex-direction:column;}.kadence-column_26c2eb-86 > .kt-inside-inner-col > .aligncenter{width:100%;}.kadence-column_26c2eb-86 > .kt-inside-inner-col:before{opacity:0.3;}.kadence-column_26c2eb-86{position:relative;}@media all and (max-width: 1024px){.kadence-column_26c2eb-86 > .kt-inside-inner-col{flex-direction:column;}}@media all and (max-width: 767px){.kadence-column_26c2eb-86 > .kt-inside-inner-col{flex-direction:column;}}<\/style>\n<div class=\"wp-block-kadence-column inner-column-1 kadence-column_26c2eb-86\"><div class=\"kt-inside-inner-col\"><figure class=\"wp-block-embed is-type-video is-provider-youtube wp-block-embed-youtube wp-embed-aspect-16-9 wp-has-aspect-ratio\"><div class=\"wp-block-embed__wrapper\">\r\n<iframe loading=\"lazy\" title=\"Einleitung zur Narchitektur von Curator Bettina Rohr November 2020\" width=\"720\" height=\"405\" src=\"https:\/\/www.youtube.com\/embed\/dJSmgclHW4Q?feature=oembed\" frameborder=\"0\" allow=\"accelerometer; autoplay; clipboard-write; encrypted-media; gyroscope; picture-in-picture\" allowfullscreen><\/iframe>\r\n<\/div><\/figure>\r\n<\/div><\/div>\n\n\n<style>.kadence-column_62468b-b3 > .kt-inside-inner-col{border-top-width:0px;border-right-width:0px;border-bottom-width:0px;border-left-width:0px;}.kadence-column_62468b-b3 > .kt-inside-inner-col,.kadence-column_62468b-b3 > .kt-inside-inner-col:before{border-top-left-radius:0px;border-top-right-radius:0px;border-bottom-right-radius:0px;border-bottom-left-radius:0px;}.kadence-column_62468b-b3 > .kt-inside-inner-col{column-gap:var(--global-kb-gap-sm, 1rem);}.kadence-column_62468b-b3 > .kt-inside-inner-col{flex-direction:column;}.kadence-column_62468b-b3 > .kt-inside-inner-col > .aligncenter{width:100%;}.kadence-column_62468b-b3 > .kt-inside-inner-col:before{opacity:0.3;}.kadence-column_62468b-b3{position:relative;}@media all and (max-width: 1024px){.kadence-column_62468b-b3 > .kt-inside-inner-col{flex-direction:column;}}@media all and (max-width: 767px){.kadence-column_62468b-b3 > .kt-inside-inner-col{flex-direction:column;}}<\/style>\n<div class=\"wp-block-kadence-column inner-column-2 kadence-column_62468b-b3\"><div class=\"kt-inside-inner-col\">\n<p>Sige&#8217;s Arbeit kombiniert architektonisches und urbanes Design mit den unbestreitbaren Vorteilen der Natur, um den Klimawandel und den unmittelbaren Handlungsbedarf aufzuzeigen. Unter Ber\u00fccksichtigung der sozialen Funktionalit\u00e4t der Stadt und unter sorgf\u00e4ltiger Wahrung des kulturellen Erbes f\u00fcgt sich jeder Entwurf nahtlos in die bestehende Landschaft ein.<\/p>\n\n\n\n<p>Um angesichts des Klimawandels widerstandsf\u00e4hige und nachhaltige St\u00e4dte zu schaffen, m\u00fcssen wir darauf achten, die unendlichen und exklusiven Vorteile der Natur in unsere bestehende Infrastruktur zu integrieren. Dazu geh\u00f6ren die Regulierung der Temperatur, die Speicherung und Abgabe von Wasser, die Sauerstoffregulierung und die Unterst\u00fctzung einer Vielfalt von Tieren und Insekten. Zu den zus\u00e4tzlichen Vorteilen f\u00fcr den Menschen geh\u00f6ren die R\u00fcckverbindung mit der Seele, die Entdeckung des eigenen Ichs, mentales Wohlbefinden und ein Zustand erh\u00f6hter Entspannung.&#13;\n<\/p>\n<\/div><\/div>\n<\/div><\/div><\/div>\n\n<p>Das Thema Klimawandel kann belastend sein, und viele Menschen f\u00fchlen sich unsicher, wo sie anfangen sollen, um das Problem angemessen anzugehen. Der Einsatz von Kunst als visuelle Repr\u00e4sentation, besonders an erkennbaren Orten, erm\u00f6glicht ein besseres Verst\u00e4ndnis und kreatives, l\u00f6sungsorientiertes Denken rund um das Thema. <\/p>\n\n<p>Sige hat jede Installation so sorgf\u00e4ltig gestaltet, dass sie beim Betrachter ein positives Gef\u00fchl hinterl\u00e4sst und zu einer Bereitschaft f\u00fchrt, proaktiv zur L\u00f6sung beizutragen. Auch                                                                                                                                                                                                                                                                                                                                                                                                                                                                                                                                                                                                                                                                                                                                                                                                                                                                                                                                                                                                                                                                                                                                                                                                                                                                                                                                                                                                                                                                                                                                                                                                                                                                                                                                                                                                                                                                                                                                                                                                                                                                                                                                                                                                                                                                                                                                                                                                                                                                                                                                                                                                                                                                                                                                                                                                                                                                                                                                                                                                                                                                                                                                                                                                                                                                                                                                                                                                                                                                                                                                                                                                                                                                                                                                                                                                                                                                                                                                                                                                                                                                                                                                                                                                                                                                                                                                                                                                                                                                                                                                                                                                                                                                                                                                                                                                                                                                                                                                                                                                                                                                                                                                                                                                                                                                                                                                                                                                                                                                                                                                                                                                                                                                                                                                                                                                                                                                                                                                                                                                                                                                                                                                                                                                                                                                                                                                                                                                                                                                                                                                                                                                                                                                                                                                                                                                                                                                                                                                                                                                                                                                                                                                                                                                                                                                                                                                                                                                                                                                                                                                                                                                                                                                                                                                                                                                                                                                                                                                                                                                                                                                                                                                                                                                                                                                                                                                                                                                                                                                                                                                                                                                                                                                                                                                                                                                                                                                                                                                                                                                                                                                                                                                                                                                                                                                                                                                                                                                                                                                  Kinder haben dieses Projekt geliebt und zweifellos bewiesen, dass der Verstand eines Kindes perfekt in der Lage ist, die Notwendigkeit und den Nutzen einer L\u00f6sung f\u00fcr alle zu erfassen. <\/p>\n\n<p><strong>Die Mission von Narchitektur ist vielschichtig.<\/strong><\/p>\n\n<p>Erstens ist es das Ziel, den Geist zu \u00f6ffnen und die Vision der Menschen zu erweitern, die in ihrem geliebten Z\u00fcrich arbeiten und leben. Sige nimmt Sie mit auf eine interaktive Reise durch eine nachhaltige, in der Kunst dargestellte Stadt. Nicht weniger als neun Orte im Herzen der Stadt werden als gr\u00fcne architektonische Gestaltung erlebt. Kunst verbindet Menschen \u00fcber Welten und Territorien hinweg. Die 3D-Kompositionen, die auf 2D-Mixed-Media-Kunstwerken implantiert sind, werden mit horizontalen Rahmen pr\u00e4sentiert, die von einem Birkenstamm getragen werden, um die von der Natur umgebende Stadt Z\u00fcrich zu repr\u00e4sentieren.<\/p>\n\n<p>Zweitens will Sige darstellen, dass keine L\u00f6sung perfekt ist, und dass man deshalb nicht warten muss, um eine Aktion auszuf\u00fchren. Stattdessen schaffen wir eine Basis, indem wir etwas tun, und wir erreichen etwas durch Anstrengung. Die Zeit, damit zu beginnen, ist jetzt, mit einem einfachen l\u00f6sungsorientierten Ansatz und Zusammenarbeit. Weniger ist mehr.<\/p>\n\n<p>Das dritte Ziel ist es, ihre Kunst und architektonischen Entw\u00fcrfe in ganz Z\u00fcrich zu repr\u00e4sentieren, ihren Traum von der Entwicklung nachhaltiger St\u00e4dte, die dem sich \u00e4ndernden Klima gegen\u00fcber resilient sind. Dar\u00fcber hinaus, l\u00f6sungsbasierte Ans\u00e4tze zu bieten, die der Gesellschaft als Ganzes dienen und unsere Welt f\u00fcr zuk\u00fcnftige Generationen sch\u00fctzen. Und schliesslich, die Menschen daran zu erinnern, dass radikale Verantwortung erforderlich ist, um eine bessere Realit\u00e4t zu schaffen, in der soziale und moralische Bed\u00fcrfnisse letztlich erf\u00fcllt werden. Paris! New York! Tokio! Singapur! Los Angeles! Wir sprechen mit Ihnen!<\/p>\n\n<p>Wenn Sie an einer Zusammenarbeit interessiert sind, wenden Sie sich bitte <a href=\"https:\/\/narchitektur.ch\/de\/kontakt\/\">direkt an Sige<\/a>.<\/p>\n","protected":false},"excerpt":{"rendered":"<p>Was ist Narchitektur? Wenn Natur &amp; Architektur zu einer gewebten Struktur verbunden und dann in die bestehende Infrastruktur der heutigen Stadt integriert werden, haben die Stadt und ihre Bewohner eine unmittelbare Antwort auf den Klimawandel. Sige&#8217;s Arbeit kombiniert architektonisches und urbanes Design mit den unbestreitbaren Vorteilen der Natur, um den Klimawandel und den unmittelbaren Handlungsbedarf&#8230;<\/p>\n","protected":false},"author":1,"featured_media":0,"parent":0,"menu_order":0,"comment_status":"closed","ping_status":"closed","template":"","meta":{"_kad_blocks_custom_css":"","_kad_blocks_head_custom_js":"","_kad_blocks_body_custom_js":"","_kad_blocks_footer_custom_js":"","_kad_post_transparent":"","_kad_post_title":"","_kad_post_layout":"","_kad_post_sidebar_id":"","_kad_post_content_style":"","_kad_post_vertical_padding":"","_kad_post_feature":"","_kad_post_feature_position":"","_kad_post_header":false,"_kad_post_footer":false,"footnotes":""},"class_list":["post-1592","page","type-page","status-publish","hentry"],"taxonomy_info":[],"featured_image_src_large":false,"author_info":{"display_name":"evelynevanraes","author_link":"https:\/\/narchitektur.ch\/de\/author\/evelynevanraes\/"},"comment_info":0,"_links":{"self":[{"href":"https:\/\/narchitektur.ch\/de\/wp-json\/wp\/v2\/pages\/1592"}],"collection":[{"href":"https:\/\/narchitektur.ch\/de\/wp-json\/wp\/v2\/pages"}],"about":[{"href":"https:\/\/narchitektur.ch\/de\/wp-json\/wp\/v2\/types\/page"}],"author":[{"embeddable":true,"href":"https:\/\/narchitektur.ch\/de\/wp-json\/wp\/v2\/users\/1"}],"replies":[{"embeddable":true,"href":"https:\/\/narchitektur.ch\/de\/wp-json\/wp\/v2\/comments?post=1592"}],"version-history":[{"count":0,"href":"https:\/\/narchitektur.ch\/de\/wp-json\/wp\/v2\/pages\/1592\/revisions"}],"wp:attachment":[{"href":"https:\/\/narchitektur.ch\/de\/wp-json\/wp\/v2\/media?parent=1592"}],"curies":[{"name":"wp","href":"https:\/\/api.w.org\/{rel}","templated":true}]}}