{"id":1584,"date":"2021-06-20T13:50:46","date_gmt":"2021-06-20T13:50:46","guid":{"rendered":"https:\/\/narchitektur.ch\/die-kuenstlerin\/"},"modified":"2021-06-20T13:55:00","modified_gmt":"2021-06-20T13:55:00","slug":"die-kuenstlerin","status":"publish","type":"page","link":"https:\/\/narchitektur.ch\/de\/die-kuenstlerin\/","title":{"rendered":"Die K\u00fcnstlerin"},"content":{"rendered":"<style>.wp-block-kadence-advancedheading.kt-adv-heading_470a04-bb, .wp-block-kadence-advancedheading.kt-adv-heading_470a04-bb[data-kb-block=\"kb-adv-heading_470a04-bb\"]{margin-bottom:30px;font-style:normal;}.wp-block-kadence-advancedheading.kt-adv-heading_470a04-bb mark, .wp-block-kadence-advancedheading.kt-adv-heading_470a04-bb[data-kb-block=\"kb-adv-heading_470a04-bb\"] mark{font-style:normal;color:#f76a0c;padding-top:0px;padding-right:0px;padding-bottom:0px;padding-left:0px;}<\/style>\n<h2 class=\"kt-adv-heading_470a04-bb wp-block-kadence-advancedheading\" data-kb-block=\"kb-adv-heading_470a04-bb\">Sige Nagels<\/h2>\n<style>#kt-layout-id_1021ee-f0 > .kt-row-column-wrap{align-content:start;}:where(#kt-layout-id_1021ee-f0 > .kt-row-column-wrap) > .wp-block-kadence-column{justify-content:start;}#kt-layout-id_1021ee-f0 > .kt-row-column-wrap{column-gap:var(--global-kb-gap-md, 2rem);row-gap:var(--global-kb-gap-md, 2rem);padding-top:var( --global-kb-row-default-top, 25px );padding-bottom:var( --global-kb-row-default-bottom, 25px );padding-top:var(--global-kb-spacing-sm, 1.5rem);padding-bottom:var(--global-kb-spacing-sm, 1.5rem);grid-template-columns:minmax(0, 2fr) minmax(0, 1fr);}#kt-layout-id_1021ee-f0 > .kt-row-layout-overlay{opacity:0.30;}@media all and (max-width: 1024px){#kt-layout-id_1021ee-f0 > .kt-row-column-wrap{grid-template-columns:repeat(2, minmax(0, 1fr));}}@media all and (max-width: 767px){#kt-layout-id_1021ee-f0 > .kt-row-column-wrap{grid-template-columns:minmax(0, 1fr);}}<\/style>\n<div class=\"wp-block-kadence-rowlayout alignnone\"><div id=\"kt-layout-id_1021ee-f0\" class=\"kt-row-layout-inner kt-layout-id_1021ee-f0\"><div class=\"kt-row-column-wrap kt-has-2-columns kt-gutter-default kt-v-gutter-default kt-row-valign-top kt-row-layout-left-golden kt-tab-layout-inherit kt-m-colapse-left-to-right kt-mobile-layout-row\"><style>.kadence-column_176a59-45 > .kt-inside-inner-col{padding-right:10px;}.kadence-column_176a59-45 > .kt-inside-inner-col{border-top-width:0px;border-right-width:0px;border-bottom-width:0px;border-left-width:0px;}.kadence-column_176a59-45 > .kt-inside-inner-col,.kadence-column_176a59-45 > .kt-inside-inner-col:before{border-top-left-radius:0px;border-top-right-radius:0px;border-bottom-right-radius:0px;border-bottom-left-radius:0px;}.kadence-column_176a59-45 > .kt-inside-inner-col{column-gap:var(--global-kb-gap-sm, 1rem);}.kadence-column_176a59-45 > .kt-inside-inner-col{flex-direction:column;}.kadence-column_176a59-45 > .kt-inside-inner-col > .aligncenter{width:100%;}.kadence-column_176a59-45 > .kt-inside-inner-col:before{opacity:0.3;}.kadence-column_176a59-45{position:relative;}@media all and (max-width: 1024px){.kadence-column_176a59-45 > .kt-inside-inner-col{flex-direction:column;}}@media all and (max-width: 767px){.kadence-column_176a59-45 > .kt-inside-inner-col{flex-direction:column;}}<\/style>\n<div class=\"wp-block-kadence-column inner-column-1 kadence-column_176a59-45\"><div class=\"kt-inside-inner-col\">\n<p>Sige Nagels (\u00b01977, Belgierin, Antwerpen) ist Architektin, Ingenieurin und visuelle &amp; Installationsk\u00fcnstlerin. Sie ist eine Vision\u00e4rin f\u00fcr den Wandel und setzt sich mit ihrer Kunst und ihren Installationen vor das adressieren von dem Klimawandel und die positiven Auswirkungen der radikalen Verantwortung auf positive Massnahmen ein. Als Vision\u00e4rin mit dem festen Willen, einen massiven sozialen und wirtschaftlichen Wandel zu bewirken, geh\u00f6rt sie zu dem kleinen Prozentsatz der Menschen, die heute massiv handeln.<\/p>\n\n\n\n<p>Durch ihre Arbeit erinnert uns Sige daran, dass wir einflussreiche Vordenker sind und dass wir durch die Hingabe an unsere eigenen Ziele und Bestrebungen die Macht haben, die Realit\u00e4t zu schaffen, nach der wir uns sehnen, ein Schritt nach dem anderen.<\/p>\n\n\n\n<p>Als Ingenieur-Architektin und Projektleiterin stellt ihr Hintergrund die praktischen Werkzeuge bereit, um grosse Projekte mit Pr\u00e4zision und Genauigkeit anzugehen und auszuf\u00fchren. Dar\u00fcber hinaus l\u00e4sst sie sich von den Menschen, die sie trifft, und den Situationen, denen sie begegnet, inspirieren und faszinieren, insbesondere wenn es um Lebensentscheidungen geht und darum, was Menschen dazu antreibt, \u00fcber die Grenzen des scheinbar M\u00f6glichen hinauszugehen, um neue und vorteilhafte Kooperationen in zukunftsweisenden Denkbereichen zu schaffen.<\/p>\n\n\n\n<p>Sige glaubt, dass wir, um echte Ver\u00e4nderungen zu bewirken, umdenken und radikale Verantwortung \u00fcbernehmen m\u00fcssen, um unsere Gesellschaft und unseren Planeten zu erhalten und zu sch\u00fctzen. Indem wir heute Nachhaltigkeit sichern, garantieren wir unseren Kindern und denen, die noch kommen werden, eine gr\u00fcne Zukunft. Jetzt ist es an der Zeit, unsere Tr\u00e4ume zu inspirieren, vorzustellen und auszuf\u00fchren und das Beispiel zu sein, das wir weltweit sehen wollen. <\/p>\n\n\n\n<p>Wenn Sie an einer Zusammenarbeit interessiert sind, wenden Sie sich bitte direkt an Sige.<\/p>\n<\/div><\/div>\n\n\n<style>.kadence-column_4d21a5-af > .kt-inside-inner-col{border-top-width:0px;border-right-width:0px;border-bottom-width:0px;border-left-width:0px;}.kadence-column_4d21a5-af > .kt-inside-inner-col,.kadence-column_4d21a5-af > .kt-inside-inner-col:before{border-top-left-radius:0px;border-top-right-radius:0px;border-bottom-right-radius:0px;border-bottom-left-radius:0px;}.kadence-column_4d21a5-af > .kt-inside-inner-col{column-gap:var(--global-kb-gap-sm, 1rem);}.kadence-column_4d21a5-af > .kt-inside-inner-col{flex-direction:column;}.kadence-column_4d21a5-af > .kt-inside-inner-col > .aligncenter{width:100%;}.kadence-column_4d21a5-af > .kt-inside-inner-col:before{opacity:0.3;}.kadence-column_4d21a5-af{position:relative;}@media all and (max-width: 1024px){.kadence-column_4d21a5-af > .kt-inside-inner-col{flex-direction:column;}}@media all and (max-width: 767px){.kadence-column_4d21a5-af > .kt-inside-inner-col{flex-direction:column;}}<\/style>\n<div class=\"wp-block-kadence-column inner-column-2 kadence-column_4d21a5-af\"><div class=\"kt-inside-inner-col\">\n<figure class=\"wp-block-image size-large\"><img loading=\"lazy\" decoding=\"async\" width=\"683\" height=\"1024\" src=\"https:\/\/narchitektur.ch\/wp-content\/uploads\/2021\/03\/Mantek_Nagels_Sige_19-06-04_0109-683x1024.jpg\" alt=\"\" class=\"wp-image-224\" srcset=\"https:\/\/narchitektur.ch\/wp-content\/uploads\/2021\/03\/Mantek_Nagels_Sige_19-06-04_0109-683x1024.jpg 683w, https:\/\/narchitektur.ch\/wp-content\/uploads\/2021\/03\/Mantek_Nagels_Sige_19-06-04_0109-200x300.jpg 200w, https:\/\/narchitektur.ch\/wp-content\/uploads\/2021\/03\/Mantek_Nagels_Sige_19-06-04_0109-768x1152.jpg 768w, https:\/\/narchitektur.ch\/wp-content\/uploads\/2021\/03\/Mantek_Nagels_Sige_19-06-04_0109-1024x1536.jpg 1024w, https:\/\/narchitektur.ch\/wp-content\/uploads\/2021\/03\/Mantek_Nagels_Sige_19-06-04_0109-1365x2048.jpg 1365w, https:\/\/narchitektur.ch\/wp-content\/uploads\/2021\/03\/Mantek_Nagels_Sige_19-06-04_0109.jpg 1417w\" sizes=\"(max-width: 683px) 100vw, 683px\" \/><\/figure><\/div><\/div>\n<\/div><\/div><\/div>\n<style>#kt-layout-id_580aa7-ee > .kt-row-column-wrap{align-content:start;}:where(#kt-layout-id_580aa7-ee > .kt-row-column-wrap) > .wp-block-kadence-column{justify-content:start;}#kt-layout-id_580aa7-ee > .kt-row-column-wrap{column-gap:var(--global-kb-gap-md, 2rem);row-gap:var(--global-kb-gap-md, 2rem);padding-top:var( --global-kb-row-default-top, 25px );padding-bottom:var( --global-kb-row-default-bottom, 25px );padding-top:var(--global-kb-spacing-sm, 1.5rem);padding-bottom:var(--global-kb-spacing-sm, 1.5rem);grid-template-columns:repeat(3, minmax(0, 1fr));}#kt-layout-id_580aa7-ee > .kt-row-layout-overlay{opacity:0.30;}@media all and (max-width: 1024px){#kt-layout-id_580aa7-ee > .kt-row-column-wrap{grid-template-columns:repeat(3, minmax(0, 1fr));}}@media all and (max-width: 767px){#kt-layout-id_580aa7-ee > .kt-row-column-wrap{grid-template-columns:minmax(0, 1fr);}}<\/style>\n<div class=\"wp-block-kadence-rowlayout alignnone\"><div id=\"kt-layout-id_580aa7-ee\" class=\"kt-row-layout-inner kt-layout-id_580aa7-ee\"><div class=\"kt-row-column-wrap kt-has-3-columns kt-gutter-default kt-v-gutter-default kt-row-valign-top kt-row-layout-equal kt-tab-layout-inherit kt-m-colapse-left-to-right kt-mobile-layout-row\"><style>.kadence-column_788c92-5a > .kt-inside-inner-col{border-top-width:0px;border-right-width:0px;border-bottom-width:0px;border-left-width:0px;}.kadence-column_788c92-5a > .kt-inside-inner-col,.kadence-column_788c92-5a > .kt-inside-inner-col:before{border-top-left-radius:0px;border-top-right-radius:0px;border-bottom-right-radius:0px;border-bottom-left-radius:0px;}.kadence-column_788c92-5a > .kt-inside-inner-col{column-gap:var(--global-kb-gap-sm, 1rem);}.kadence-column_788c92-5a > .kt-inside-inner-col{flex-direction:column;}.kadence-column_788c92-5a > .kt-inside-inner-col > .aligncenter{width:100%;}.kadence-column_788c92-5a > .kt-inside-inner-col:before{opacity:0.3;}.kadence-column_788c92-5a{position:relative;}@media all and (max-width: 1024px){.kadence-column_788c92-5a > .kt-inside-inner-col{flex-direction:column;}}@media all and (max-width: 767px){.kadence-column_788c92-5a > .kt-inside-inner-col{flex-direction:column;}}<\/style>\n<div class=\"wp-block-kadence-column inner-column-1 kadence-column_788c92-5a\"><div class=\"kt-inside-inner-col\">\n<figure class=\"wp-block-image size-large\"><img loading=\"lazy\" decoding=\"async\" width=\"1024\" height=\"768\" src=\"https:\/\/narchitektur.ch\/wp-content\/uploads\/2021\/06\/PXL_20201103_105031093-1024x768.jpg\" alt=\"\" class=\"wp-image-1279\" srcset=\"https:\/\/narchitektur.ch\/wp-content\/uploads\/2021\/06\/PXL_20201103_105031093-1024x768.jpg 1024w, https:\/\/narchitektur.ch\/wp-content\/uploads\/2021\/06\/PXL_20201103_105031093-300x225.jpg 300w, https:\/\/narchitektur.ch\/wp-content\/uploads\/2021\/06\/PXL_20201103_105031093-768x576.jpg 768w, https:\/\/narchitektur.ch\/wp-content\/uploads\/2021\/06\/PXL_20201103_105031093-1536x1152.jpg 1536w, https:\/\/narchitektur.ch\/wp-content\/uploads\/2021\/06\/PXL_20201103_105031093-2048x1536.jpg 2048w\" sizes=\"(max-width: 1024px) 100vw, 1024px\" \/><\/figure><\/div><\/div>\n\n\n<style>.kadence-column_b5b032-16 > .kt-inside-inner-col{border-top-width:0px;border-right-width:0px;border-bottom-width:0px;border-left-width:0px;}.kadence-column_b5b032-16 > .kt-inside-inner-col,.kadence-column_b5b032-16 > .kt-inside-inner-col:before{border-top-left-radius:0px;border-top-right-radius:0px;border-bottom-right-radius:0px;border-bottom-left-radius:0px;}.kadence-column_b5b032-16 > .kt-inside-inner-col{column-gap:var(--global-kb-gap-sm, 1rem);}.kadence-column_b5b032-16 > .kt-inside-inner-col{flex-direction:column;}.kadence-column_b5b032-16 > .kt-inside-inner-col > .aligncenter{width:100%;}.kadence-column_b5b032-16 > .kt-inside-inner-col:before{opacity:0.3;}.kadence-column_b5b032-16{position:relative;}@media all and (max-width: 1024px){.kadence-column_b5b032-16 > .kt-inside-inner-col{flex-direction:column;}}@media all and (max-width: 767px){.kadence-column_b5b032-16 > .kt-inside-inner-col{flex-direction:column;}}<\/style>\n<div class=\"wp-block-kadence-column inner-column-2 kadence-column_b5b032-16\"><div class=\"kt-inside-inner-col\">\n<figure class=\"wp-block-image size-large\"><img loading=\"lazy\" decoding=\"async\" width=\"1024\" height=\"683\" src=\"https:\/\/narchitektur.ch\/wp-content\/uploads\/2021\/06\/bman_narchitecture.20...087-1024x683.jpg\" alt=\"\" class=\"wp-image-1252\" srcset=\"https:\/\/narchitektur.ch\/wp-content\/uploads\/2021\/06\/bman_narchitecture.20...087-1024x683.jpg 1024w, https:\/\/narchitektur.ch\/wp-content\/uploads\/2021\/06\/bman_narchitecture.20...087-300x200.jpg 300w, https:\/\/narchitektur.ch\/wp-content\/uploads\/2021\/06\/bman_narchitecture.20...087-768x512.jpg 768w, https:\/\/narchitektur.ch\/wp-content\/uploads\/2021\/06\/bman_narchitecture.20...087-1536x1024.jpg 1536w, https:\/\/narchitektur.ch\/wp-content\/uploads\/2021\/06\/bman_narchitecture.20...087.jpg 2048w\" sizes=\"(max-width: 1024px) 100vw, 1024px\" \/><\/figure><\/div><\/div>\n\n\n<style>.kadence-column_632fdb-91 > .kt-inside-inner-col{border-top-width:0px;border-right-width:0px;border-bottom-width:0px;border-left-width:0px;}.kadence-column_632fdb-91 > .kt-inside-inner-col,.kadence-column_632fdb-91 > .kt-inside-inner-col:before{border-top-left-radius:0px;border-top-right-radius:0px;border-bottom-right-radius:0px;border-bottom-left-radius:0px;}.kadence-column_632fdb-91 > .kt-inside-inner-col{column-gap:var(--global-kb-gap-sm, 1rem);}.kadence-column_632fdb-91 > .kt-inside-inner-col{flex-direction:column;}.kadence-column_632fdb-91 > .kt-inside-inner-col > .aligncenter{width:100%;}.kadence-column_632fdb-91 > .kt-inside-inner-col:before{opacity:0.3;}.kadence-column_632fdb-91{position:relative;}@media all and (max-width: 1024px){.kadence-column_632fdb-91 > .kt-inside-inner-col{flex-direction:column;}}@media all and (max-width: 767px){.kadence-column_632fdb-91 > .kt-inside-inner-col{flex-direction:column;}}<\/style>\n<div class=\"wp-block-kadence-column inner-column-3 kadence-column_632fdb-91\"><div class=\"kt-inside-inner-col\">\n<figure class=\"wp-block-image size-large\"><img loading=\"lazy\" decoding=\"async\" width=\"1024\" height=\"768\" src=\"https:\/\/narchitektur.ch\/wp-content\/uploads\/2021\/06\/PXL_20210616_162023418_2-1-1024x768.jpg\" alt=\"\" class=\"wp-image-1245\" srcset=\"https:\/\/narchitektur.ch\/wp-content\/uploads\/2021\/06\/PXL_20210616_162023418_2-1-1024x768.jpg 1024w, https:\/\/narchitektur.ch\/wp-content\/uploads\/2021\/06\/PXL_20210616_162023418_2-1-300x225.jpg 300w, https:\/\/narchitektur.ch\/wp-content\/uploads\/2021\/06\/PXL_20210616_162023418_2-1-768x576.jpg 768w, https:\/\/narchitektur.ch\/wp-content\/uploads\/2021\/06\/PXL_20210616_162023418_2-1-1536x1152.jpg 1536w, https:\/\/narchitektur.ch\/wp-content\/uploads\/2021\/06\/PXL_20210616_162023418_2-1-2048x1536.jpg 2048w\" sizes=\"(max-width: 1024px) 100vw, 1024px\" \/><\/figure><\/div><\/div>\n<\/div><\/div><\/div>\n\n<p><\/p>\n","protected":false},"excerpt":{"rendered":"<p>Sige Nagels Sige Nagels (\u00b01977, Belgierin, Antwerpen) ist Architektin, Ingenieurin und visuelle &amp; Installationsk\u00fcnstlerin. Sie ist eine Vision\u00e4rin f\u00fcr den Wandel und setzt sich mit ihrer Kunst und ihren Installationen vor das adressieren von dem Klimawandel und die positiven Auswirkungen der radikalen Verantwortung auf positive Massnahmen ein. Als Vision\u00e4rin mit dem festen Willen, einen massiven&#8230;<\/p>\n","protected":false},"author":1,"featured_media":0,"parent":0,"menu_order":0,"comment_status":"closed","ping_status":"closed","template":"","meta":{"_kad_blocks_custom_css":"","_kad_blocks_head_custom_js":"","_kad_blocks_body_custom_js":"","_kad_blocks_footer_custom_js":"","_kad_post_transparent":"","_kad_post_title":"","_kad_post_layout":"","_kad_post_sidebar_id":"","_kad_post_content_style":"","_kad_post_vertical_padding":"","_kad_post_feature":"","_kad_post_feature_position":"","_kad_post_header":false,"_kad_post_footer":false,"footnotes":""},"class_list":["post-1584","page","type-page","status-publish","hentry"],"taxonomy_info":[],"featured_image_src_large":false,"author_info":{"display_name":"evelynevanraes","author_link":"https:\/\/narchitektur.ch\/de\/author\/evelynevanraes\/"},"comment_info":0,"_links":{"self":[{"href":"https:\/\/narchitektur.ch\/de\/wp-json\/wp\/v2\/pages\/1584"}],"collection":[{"href":"https:\/\/narchitektur.ch\/de\/wp-json\/wp\/v2\/pages"}],"about":[{"href":"https:\/\/narchitektur.ch\/de\/wp-json\/wp\/v2\/types\/page"}],"author":[{"embeddable":true,"href":"https:\/\/narchitektur.ch\/de\/wp-json\/wp\/v2\/users\/1"}],"replies":[{"embeddable":true,"href":"https:\/\/narchitektur.ch\/de\/wp-json\/wp\/v2\/comments?post=1584"}],"version-history":[{"count":0,"href":"https:\/\/narchitektur.ch\/de\/wp-json\/wp\/v2\/pages\/1584\/revisions"}],"wp:attachment":[{"href":"https:\/\/narchitektur.ch\/de\/wp-json\/wp\/v2\/media?parent=1584"}],"curies":[{"name":"wp","href":"https:\/\/api.w.org\/{rel}","templated":true}]}}